{"id":19,"date":"2024-01-19T22:10:13","date_gmt":"2024-01-19T21:10:13","guid":{"rendered":"http:\/\/cms.lumo-modelle.de\/?page_id=19"},"modified":"2024-01-27T20:25:50","modified_gmt":"2024-01-27T19:25:50","slug":"produkte","status":"publish","type":"page","link":"http:\/\/cms.lumo-modelle.de\/index.php\/produkte\/","title":{"rendered":"Produkte"},"content":{"rendered":"\n<div style=\"height:60px\" aria-hidden=\"true\" class=\"wp-block-spacer\"><\/div>\n\n\n\n<div class=\"wp-block-columns is-layout-flex wp-container-core-columns-is-layout-9d6595d7 wp-block-columns-is-layout-flex\">\n<div class=\"wp-block-column is-layout-flow wp-block-column-is-layout-flow\">\n<figure class=\"wp-block-image size-full is-resized\"><img loading=\"lazy\" decoding=\"async\" width=\"254\" height=\"254\" src=\"http:\/\/cms.lumo-modelle.de\/wp-content\/uploads\/2024\/01\/Bahnhofslampe_image007_2.jpg\" alt=\"\" class=\"wp-image-435\" style=\"width:250px\" srcset=\"http:\/\/cms.lumo-modelle.de\/wp-content\/uploads\/2024\/01\/Bahnhofslampe_image007_2.jpg 254w, http:\/\/cms.lumo-modelle.de\/wp-content\/uploads\/2024\/01\/Bahnhofslampe_image007_2-150x150.jpg 150w, http:\/\/cms.lumo-modelle.de\/wp-content\/uploads\/2024\/01\/Bahnhofslampe_image007_2-75x75.jpg 75w\" sizes=\"auto, (max-width: 254px) 100vw, 254px\" \/><\/figure>\n\n\n\n<div style=\"height:30px\" aria-hidden=\"true\" class=\"wp-block-spacer\"><\/div>\n\n\n\n<h3 class=\"wp-block-heading\">Kleinserienprodukt DR-Bahnhofslampe \u201eSalatsch\u00fcssel\u201c Spur G \/ IIm<\/h3>\n\n\n\n<div style=\"height:30px\" aria-hidden=\"true\" class=\"wp-block-spacer\"><\/div>\n\n\n\n<p>Diese Bahnhofslampe war zu DDR-Zeiten auf vielen Bahnh\u00f6fen der Deutschen Reichbahn anzutreffen. Sie erhielt ihren Spitznamen \u201eSalatsch\u00fcssel\u201c bzw. \u201ePilzleuchte\u201c wegen der unverkennbaren Form des Lampenschirms. Im Modell ist die typische Ausf\u00fchrung nachgebildet, wie man sie auf den Bahnh\u00f6fen der Harzer Schmalspurbahnen (HSB) vorfindet, mit Holzmast, Dreipunktbefestigung des Lampensockels, Mastschuhe aus Beton, Anschlusskasten unten und Anschlussdose oben.<\/p>\n\n\n\n<div style=\"height:30px\" aria-hidden=\"true\" class=\"wp-block-spacer\"><\/div>\n\n\n\n<div class=\"wp-block-buttons is-content-justification-center is-layout-flex wp-container-core-buttons-is-layout-8057eaf3 wp-block-buttons-is-layout-flex\">\n<div class=\"wp-block-button has-custom-font-size is-style-outline has-small-font-size is-style-outline--1\"><a class=\"wp-block-button__link has-white-background-color has-background has-text-align-center wp-element-button\" href=\"http:\/\/cms.lumo-modelle.de\/index.php\/produkte\/kleinserienprodukt-dr-bahnhofslampe-salatschuessel-spur-g-iim\/\" target=\"_blank\" rel=\"noreferrer noopener\">mehr erfahren<\/a><\/div>\n<\/div>\n<\/div>\n\n\n\n<div class=\"wp-block-column is-layout-flow wp-block-column-is-layout-flow\">\n<figure class=\"wp-block-image size-full is-resized\"><img loading=\"lazy\" decoding=\"async\" width=\"380\" height=\"380\" src=\"http:\/\/cms.lumo-modelle.de\/wp-content\/uploads\/2024\/01\/Wasserkran_image008.jpg\" alt=\"\" class=\"wp-image-376\" style=\"width:250px\" srcset=\"http:\/\/cms.lumo-modelle.de\/wp-content\/uploads\/2024\/01\/Wasserkran_image008.jpg 380w, http:\/\/cms.lumo-modelle.de\/wp-content\/uploads\/2024\/01\/Wasserkran_image008-300x300.jpg 300w, http:\/\/cms.lumo-modelle.de\/wp-content\/uploads\/2024\/01\/Wasserkran_image008-150x150.jpg 150w, http:\/\/cms.lumo-modelle.de\/wp-content\/uploads\/2024\/01\/Wasserkran_image008-75x75.jpg 75w\" sizes=\"auto, (max-width: 380px) 100vw, 380px\" \/><\/figure>\n\n\n\n<div style=\"height:30px\" aria-hidden=\"true\" class=\"wp-block-spacer\"><\/div>\n\n\n\n<h3 class=\"wp-block-heading\">Kleinserienprodukt HSB-Wasserkran \u201eGernrode\u201c Spur G \/ IIm<\/h3>\n\n\n\n<div style=\"height:30px\" aria-hidden=\"true\" class=\"wp-block-spacer\"><\/div>\n\n\n\n<p>Der Wasserkran vor dem Lokschuppen in Gernrode, dem urspr\u00fcnglichen Ausgangspunkt der Selketalbahn, ist das originale Vorbild f\u00fcr dieses Modell. Ausleger, Armaturen, Schlauchhalter mit Schlauch f\u00fcr das Abl\u00f6schen der Schlacke nach dem Ausr\u00e4umen der Feuerb\u00fcchse und nat\u00fcrlich auch das Hinweisschild f\u00fcr frostiges Wetter sind exakt nachgebildet. Dieser Wasserkran ist die typische Ausf\u00fchrung f\u00fcr die Harzer Schmalspurbahnen (HSB) und ist auch auf vielen anderen Bahnh\u00f6fen der HSB zu finden.<\/p>\n\n\n\n<div style=\"height:30px\" aria-hidden=\"true\" class=\"wp-block-spacer\"><\/div>\n\n\n\n<div class=\"wp-block-buttons is-content-justification-center is-layout-flex wp-container-core-buttons-is-layout-8057eaf3 wp-block-buttons-is-layout-flex\">\n<div class=\"wp-block-button has-custom-font-size is-style-outline has-small-font-size is-style-outline--2\"><a class=\"wp-block-button__link has-white-background-color has-background has-text-align-center wp-element-button\" href=\"http:\/\/cms.lumo-modelle.de\/index.php\/produkte\/kleinserienprodukt-hsb-wasserkran-gernrode-spur-g-iim\/\" target=\"_blank\" rel=\"noreferrer noopener\">mehr erfahren<\/a><\/div>\n<\/div>\n<\/div>\n\n\n\n<div class=\"wp-block-column is-layout-flow wp-block-column-is-layout-flow\" style=\"flex-basis:20%\">\n<p>extra infos zur seite<\/p>\n<\/div>\n<\/div>\n","protected":false},"excerpt":{"rendered":"<p>Kleinserienprodukt DR-Bahnhofslampe \u201eSalatsch\u00fcssel\u201c Spur G \/ IIm Diese Bahnhofslampe war zu DDR-Zeiten auf vielen Bahnh\u00f6fen der Deutschen Reichbahn anzutreffen. Sie erhielt ihren Spitznamen \u201eSalatsch\u00fcssel\u201c bzw. \u201ePilzleuchte\u201c wegen der unverkennbaren Form des Lampenschirms. Im Modell ist die typische Ausf\u00fchrung nachgebildet, wie man sie auf den Bahnh\u00f6fen der Harzer Schmalspurbahnen (HSB) vorfindet, mit Holzmast, Dreipunktbefestigung des Lampensockels, Mastschuhe aus Beton, Anschlusskasten unten und Anschlussdose oben. Kleinserienprodukt HSB-Wasserkran \u201eGernrode\u201c Spur G \/ IIm Der Wasserkran vor dem Lokschuppen in Gernrode, dem urspr\u00fcnglichen Ausgangspunkt der Selketalbahn, ist das originale Vorbild f\u00fcr dieses Modell. Ausleger, Armaturen, Schlauchhalter mit Schlauch f\u00fcr das Abl\u00f6schen der Schlacke nach dem Ausr\u00e4umen der Feuerb\u00fcchse und nat\u00fcrlich auch das Hinweisschild f\u00fcr frostiges Wetter sind exakt nachgebildet. Dieser Wasserkran ist die typische Ausf\u00fchrung f\u00fcr die Harzer Schmalspurbahnen (HSB) und ist auch auf vielen anderen Bahnh\u00f6fen der HSB zu finden. extra infos zur seite<\/p>\n","protected":false},"author":1,"featured_media":0,"parent":0,"menu_order":0,"comment_status":"closed","ping_status":"closed","template":"","meta":{"footnotes":""},"class_list":["post-19","page","type-page","status-publish","hentry"],"_links":{"self":[{"href":"http:\/\/cms.lumo-modelle.de\/index.php\/wp-json\/wp\/v2\/pages\/19","targetHints":{"allow":["GET"]}}],"collection":[{"href":"http:\/\/cms.lumo-modelle.de\/index.php\/wp-json\/wp\/v2\/pages"}],"about":[{"href":"http:\/\/cms.lumo-modelle.de\/index.php\/wp-json\/wp\/v2\/types\/page"}],"author":[{"embeddable":true,"href":"http:\/\/cms.lumo-modelle.de\/index.php\/wp-json\/wp\/v2\/users\/1"}],"replies":[{"embeddable":true,"href":"http:\/\/cms.lumo-modelle.de\/index.php\/wp-json\/wp\/v2\/comments?post=19"}],"version-history":[{"count":11,"href":"http:\/\/cms.lumo-modelle.de\/index.php\/wp-json\/wp\/v2\/pages\/19\/revisions"}],"predecessor-version":[{"id":538,"href":"http:\/\/cms.lumo-modelle.de\/index.php\/wp-json\/wp\/v2\/pages\/19\/revisions\/538"}],"wp:attachment":[{"href":"http:\/\/cms.lumo-modelle.de\/index.php\/wp-json\/wp\/v2\/media?parent=19"}],"curies":[{"name":"wp","href":"https:\/\/api.w.org\/{rel}","templated":true}]}}