{"id":21,"date":"2024-01-19T22:10:13","date_gmt":"2024-01-19T21:10:13","guid":{"rendered":"http:\/\/cms.lumo-modelle.de\/?page_id=21"},"modified":"2024-01-27T20:06:29","modified_gmt":"2024-01-27T19:06:29","slug":"aktuelles","status":"publish","type":"page","link":"http:\/\/cms.lumo-modelle.de\/index.php\/aktuelles\/","title":{"rendered":"Aktuelles"},"content":{"rendered":"\n<div class=\"wp-block-columns is-layout-flex wp-container-core-columns-is-layout-9d6595d7 wp-block-columns-is-layout-flex\">\n<div class=\"wp-block-column is-layout-flow wp-block-column-is-layout-flow\">\n<div style=\"height:29px\" aria-hidden=\"true\" class=\"wp-block-spacer\"><\/div>\n\n\n<ul class=\"wp-block-latest-posts__list wp-block-latest-posts\"><li><a class=\"wp-block-latest-posts__post-title\" href=\"http:\/\/cms.lumo-modelle.de\/index.php\/2023\/10\/28\/triebwagen_vt137\/\">28. Oktober 2023<\/a><div class=\"wp-block-latest-posts__post-full-content\"><!-- wp:spacer {\"height\":\"30px\"} -->\n<div style=\"height:30px\" aria-hidden=\"true\" class=\"wp-block-spacer\"><\/div>\n<!-- \/wp:spacer -->\n\n<!-- wp:heading -->\n<h2 class=\"wp-block-heading\">Triebwagen VT137 eingetroffen &#8211; neues Video in der Videogalerie<\/h2>\n<!-- \/wp:heading -->\n\n<!-- wp:spacer {\"height\":\"60px\"} -->\n<div style=\"height:60px\" aria-hidden=\"true\" class=\"wp-block-spacer\"><\/div>\n<!-- \/wp:spacer -->\n\n<!-- wp:image {\"lightbox\":{\"enabled\":false},\"id\":84,\"sizeSlug\":\"large\",\"linkDestination\":\"custom\",\"style\":{\"border\":{\"radius\":\"3px\",\"width\":\"0px\",\"style\":\"none\"}},\"className\":\"is-style-default\"} -->\n<figure class=\"wp-block-image size-large has-custom-border is-style-default\"><a href=\"http:\/\/cms.lumo-modelle.de\/index.php\/2023\/10\/28\/triebwagen_vt137\/\"><img loading=\"lazy\" decoding=\"async\" width=\"1024\" height=\"576\" src=\"http:\/\/cms.lumo-modelle.de\/wp-content\/uploads\/2024\/01\/triebwagen-1024x576.jpg\" alt=\"\" class=\"wp-image-84\" style=\"border-style:none;border-width:0px;border-radius:3px\" srcset=\"http:\/\/cms.lumo-modelle.de\/wp-content\/uploads\/2024\/01\/triebwagen-1024x576.jpg 1024w, http:\/\/cms.lumo-modelle.de\/wp-content\/uploads\/2024\/01\/triebwagen-300x169.jpg 300w, http:\/\/cms.lumo-modelle.de\/wp-content\/uploads\/2024\/01\/triebwagen-768x432.jpg 768w, http:\/\/cms.lumo-modelle.de\/wp-content\/uploads\/2024\/01\/triebwagen-1140x641.jpg 1140w, http:\/\/cms.lumo-modelle.de\/wp-content\/uploads\/2024\/01\/triebwagen.jpg 1442w\" sizes=\"auto, (max-width: 1024px) 100vw, 1024px\" \/><\/a><\/figure>\n<!-- \/wp:image -->\n\n<!-- wp:columns -->\n<div class=\"wp-block-columns\"><!-- wp:column {\"width\":\"100%\"} -->\n<div class=\"wp-block-column\" style=\"flex-basis:100%\"><!-- wp:spacer {\"height\":\"30px\"} -->\n<div style=\"height:30px\" aria-hidden=\"true\" class=\"wp-block-spacer\"><\/div>\n<!-- \/wp:spacer -->\n\n<!-- wp:paragraph {\"style\":{\"spacing\":{\"padding\":{\"right\":\"var:preset|spacing|40\",\"left\":\"var:preset|spacing|40\"}}}} -->\n<p style=\"padding-right:var(--wp--preset--spacing--40);padding-left:var(--wp--preset--spacing--40)\">Der Fuhrpark auf der \u201eS\u00e4chsischen Selketalbahn\u201c wurde zwischenzeitlich verst\u00e4rkt. Der Schlepptriebwagen VT137 Zustand 1968 hat seinen Betrieb aufgenommen. Das sch\u00f6ne Kleinserienmodell kommt von Kiss Modellbahnen Deutschland und wird seit Herbst 2023 ausgeliefert. Das Vorbild ist heute noch bei den Harzer Schmalspurbahnen als Schlepptriebwagen T3 vor Sonderz\u00fcgen anzutreffen. In der Videogalerie ist f\u00fcr alle begeisterten Gartenbahner dazu passend das neue Video \u201eTriebwagen VT137\u201c zu finden.<\/p>\n<!-- \/wp:paragraph -->\n\n<!-- wp:paragraph {\"style\":{\"spacing\":{\"padding\":{\"right\":\"var:preset|spacing|40\",\"left\":\"var:preset|spacing|40\"}}}} -->\n<p style=\"padding-right:var(--wp--preset--spacing--40);padding-left:var(--wp--preset--spacing--40)\">Die Gartenbahn-Sommersaison 2023 ist nun leider zu Ende. Es wird langsam Zeit, die Fahrzeuge und Geb\u00e4ude in das Winterdepot zu \u00fcberf\u00fchren und der j\u00e4hrlichen Durchsicht zu unterziehen.<\/p>\n<!-- \/wp:paragraph -->\n\n<!-- wp:paragraph {\"style\":{\"spacing\":{\"padding\":{\"right\":\"var:preset|spacing|40\",\"left\":\"var:preset|spacing|40\"}}}} -->\n<p style=\"padding-right:var(--wp--preset--spacing--40);padding-left:var(--wp--preset--spacing--40)\">LUMO-Modelle wird alle bis jetzt eingegangenen Bestellungen noch in diesem Jahr ausliefern. Alle dar\u00fcber hinaus gehenden Bestellungen k\u00f6nnen dann erst im neuen Jahr bearbeitet werden.<\/p>\n<!-- \/wp:paragraph -->\n\n<!-- wp:paragraph {\"style\":{\"spacing\":{\"padding\":{\"right\":\"var:preset|spacing|40\",\"left\":\"var:preset|spacing|40\"}}}} -->\n<p style=\"padding-right:var(--wp--preset--spacing--40);padding-left:var(--wp--preset--spacing--40)\">LUMO-Modelle w\u00fcnscht viel Freude bei der Fahrt mit dem Triebwagen VT137 von Harzgerode nach M\u00e4gdesprung.<\/p>\n<!-- \/wp:paragraph --><\/div>\n<!-- \/wp:column --><\/div>\n<!-- \/wp:columns -->\n\n<!-- wp:spacer {\"height\":\"50px\"} -->\n<div style=\"height:50px\" aria-hidden=\"true\" class=\"wp-block-spacer\"><\/div>\n<!-- \/wp:spacer --><\/div><\/li>\n<li><a class=\"wp-block-latest-posts__post-title\" href=\"http:\/\/cms.lumo-modelle.de\/index.php\/2023\/07\/17\/betriebsferien_2023\/\">17. Juli \u2013 04. August 2023<\/a><div class=\"wp-block-latest-posts__post-full-content\"><!-- wp:spacer {\"height\":\"30px\"} -->\n<div style=\"height:30px\" aria-hidden=\"true\" class=\"wp-block-spacer\"><\/div>\n<!-- \/wp:spacer -->\n\n<!-- wp:heading -->\n<h2 class=\"wp-block-heading\">Betriebsferien<\/h2>\n<!-- \/wp:heading -->\n\n<!-- wp:spacer {\"height\":\"60px\"} -->\n<div style=\"height:60px\" aria-hidden=\"true\" class=\"wp-block-spacer\"><\/div>\n<!-- \/wp:spacer -->\n\n<!-- wp:image {\"lightbox\":{\"enabled\":false},\"id\":258,\"width\":\"840px\",\"height\":\"auto\",\"sizeSlug\":\"full\",\"linkDestination\":\"custom\",\"style\":{\"border\":{\"radius\":\"3px\",\"width\":\"0px\",\"style\":\"none\"}},\"className\":\"is-style-default\"} -->\n<figure class=\"wp-block-image size-full is-resized has-custom-border is-style-default\"><a href=\"http:\/\/cms.lumo-modelle.de\/index.php\/2023\/07\/17\/betriebsferien_2023\/\"><img loading=\"lazy\" decoding=\"async\" width=\"629\" height=\"355\" src=\"http:\/\/cms.lumo-modelle.de\/wp-content\/uploads\/2024\/01\/image002_2.jpg\" alt=\"\" class=\"wp-image-258\" style=\"border-style:none;border-width:0px;border-radius:3px;width:840px;height:auto\" srcset=\"http:\/\/cms.lumo-modelle.de\/wp-content\/uploads\/2024\/01\/image002_2.jpg 629w, http:\/\/cms.lumo-modelle.de\/wp-content\/uploads\/2024\/01\/image002_2-300x169.jpg 300w\" sizes=\"auto, (max-width: 629px) 100vw, 629px\" \/><\/a><\/figure>\n<!-- \/wp:image -->\n\n<!-- wp:columns -->\n<div class=\"wp-block-columns\"><!-- wp:column {\"width\":\"100%\"} -->\n<div class=\"wp-block-column\" style=\"flex-basis:100%\"><!-- wp:spacer {\"height\":\"30px\"} -->\n<div style=\"height:30px\" aria-hidden=\"true\" class=\"wp-block-spacer\"><\/div>\n<!-- \/wp:spacer -->\n\n<!-- wp:paragraph -->\n<p>F\u00fcr alle begeisterten Gartenbahner nachstehend ein Schnappschuss vom Bahnhof M\u00e4gdesprung, einem der sch\u00f6nsten Bahnh\u00f6fe der Selketalbahn im Harz. In der Bahnhofsgastst\u00e4tte mit dem hellblauen Anstrich, wie man ihn z.B. in den 90er Jahren vorfinden konnte, herrscht reger Betrieb. Den G\u00fcterschuppen gibt es heute leider nicht mehr, er wurde vor Jahren wegen Bauf\u00e4lligkeit abgerissen. Inzwischen wird das Bahnhofsgeb\u00e4ude selbst allerdings von privater Hand restauriert und bleibt so auch f\u00fcr die Zukunft erhalten. Erbaut hat das wundersch\u00f6ne Modell \u00fcbrigens <strong>M<\/strong>ultischaal<strong>M<\/strong>odelbouw. <em><a href=\"http:\/\/F\u00fcr alle begeisterten Gartenbahner nachstehend ein Schnappschuss vom Bahnhof M\u00e4gdesprung, einem der sch\u00f6nsten Bahnh\u00f6fe der Selketalbahn im Harz. In der Bahnhofsgastst\u00e4tte mit dem hellblauen Anstrich, wie man ihn z.B. in den 90er Jahren vorfinden konnte, herrscht reger Betrieb. Den G\u00fcterschuppen gibt es heute leider nicht mehr, er wurde vor Jahren wegen Bauf\u00e4lligkeit abgerissen. Inzwischen wird das Bahnhofsgeb\u00e4ude selbst allerdings von privater Hand restauriert und bleibt so auch f\u00fcr die Zukunft erhalten. Erbaut hat das wundersch\u00f6ne Modell \u00fcbrigens MultischaalModelbouw. www.multischaalmodelbouw.nl  LUMO-Modelle startet nun in die diesj\u00e4hrigen Betriebsferien und steht ab 07.08.2023 wieder f\u00fcr Anfragen und Bestellungen zur Verf\u00fcgung.  LUMO-Modelle w\u00fcnscht allen Gartenbahnern erholsame und kreative Sommerferien.\">www.multischaalmodelbouw.nl<\/a><\/em><\/p>\n<!-- \/wp:paragraph -->\n\n<!-- wp:paragraph -->\n<p>LUMO-Modelle startet nun in die diesj\u00e4hrigen Betriebsferien und steht ab 07.08.2023 wieder f\u00fcr Anfragen und Bestellungen zur Verf\u00fcgung.<\/p>\n<!-- \/wp:paragraph -->\n\n<!-- wp:paragraph -->\n<p><strong>LUMO-Modelle w\u00fcnscht allen Gartenbahnern erholsame und kreative Sommerferien.<\/strong><\/p>\n<!-- \/wp:paragraph --><\/div>\n<!-- \/wp:column --><\/div>\n<!-- \/wp:columns -->\n\n<!-- wp:spacer {\"height\":\"50px\"} -->\n<div style=\"height:50px\" aria-hidden=\"true\" class=\"wp-block-spacer\"><\/div>\n<!-- \/wp:spacer --><\/div><\/li>\n<li><a class=\"wp-block-latest-posts__post-title\" href=\"http:\/\/cms.lumo-modelle.de\/index.php\/2022\/07\/18\/betriebsferien_2022\/\">18. Juli \u2013 12. August 2022<\/a><div class=\"wp-block-latest-posts__post-full-content\"><!-- wp:spacer {\"height\":\"30px\"} -->\n<div style=\"height:30px\" aria-hidden=\"true\" class=\"wp-block-spacer\"><\/div>\n<!-- \/wp:spacer -->\n\n<!-- wp:heading -->\n<h2 class=\"wp-block-heading\">Betriebsferien<\/h2>\n<!-- \/wp:heading -->\n\n<!-- wp:spacer {\"height\":\"60px\"} -->\n<div style=\"height:60px\" aria-hidden=\"true\" class=\"wp-block-spacer\"><\/div>\n<!-- \/wp:spacer -->\n\n<!-- wp:image {\"lightbox\":{\"enabled\":false},\"id\":253,\"width\":\"840px\",\"height\":\"auto\",\"sizeSlug\":\"full\",\"linkDestination\":\"custom\",\"style\":{\"border\":{\"radius\":\"3px\",\"width\":\"0px\",\"style\":\"none\"}},\"className\":\"is-style-default\"} -->\n<figure class=\"wp-block-image size-full is-resized has-custom-border is-style-default\"><a href=\"http:\/\/cms.lumo-modelle.de\/index.php\/2022\/07\/18\/betriebsferien_2022\/\"><img loading=\"lazy\" decoding=\"async\" width=\"631\" height=\"356\" src=\"http:\/\/cms.lumo-modelle.de\/wp-content\/uploads\/2024\/01\/image004_2.jpg\" alt=\"\" class=\"wp-image-253\" style=\"border-style:none;border-width:0px;border-radius:3px;width:840px;height:auto\" srcset=\"http:\/\/cms.lumo-modelle.de\/wp-content\/uploads\/2024\/01\/image004_2.jpg 631w, http:\/\/cms.lumo-modelle.de\/wp-content\/uploads\/2024\/01\/image004_2-300x169.jpg 300w\" sizes=\"auto, (max-width: 631px) 100vw, 631px\" \/><\/a><\/figure>\n<!-- \/wp:image -->\n\n<!-- wp:columns -->\n<div class=\"wp-block-columns\"><!-- wp:column {\"width\":\"100%\"} -->\n<div class=\"wp-block-column\" style=\"flex-basis:100%\"><!-- wp:spacer {\"height\":\"30px\"} -->\n<div style=\"height:30px\" aria-hidden=\"true\" class=\"wp-block-spacer\"><\/div>\n<!-- \/wp:spacer -->\n\n<!-- wp:paragraph -->\n<p>LUMO-Modelle geht in die Betriebsferien und wird ab 15.08.2022 wieder f\u00fcr alle Gartenbahner zur Verf\u00fcgung stehen.<br>Um die Zeit bis dahin zu \u00fcberbr\u00fccken, hat LUMO- Modelle das neue Video \u201eIm Selketal\u201c in der Videogalerie ver\u00f6ffentlicht. Es zeigt , dass in Sachsen auf der \u201ekleinen Selketalbahn\u201c nach wie vor Mallet-Lokomotiven mit Volldampf im Einsatz sind. Auf den Originalgleisen der Harzer Schmalspurbahnen (HSB) verkehren diese wundersch\u00f6nen Maschinen leider nicht mehr, seit im Mai 2022 die 99 5906 als letzte noch betriebsf\u00e4hige Mallet-Lok in den Ruhestand versetzt wurde. Schade!<\/p>\n<!-- \/wp:paragraph -->\n\n<!-- wp:paragraph -->\n<p><strong>LUMO-Modelle w\u00fcnscht allen Gartenbahnern einen sch\u00f6nen Sommerurlaub.<\/strong><\/p>\n<!-- \/wp:paragraph --><\/div>\n<!-- \/wp:column --><\/div>\n<!-- \/wp:columns -->\n\n<!-- wp:spacer {\"height\":\"50px\"} -->\n<div style=\"height:50px\" aria-hidden=\"true\" class=\"wp-block-spacer\"><\/div>\n<!-- \/wp:spacer --><\/div><\/li>\n<\/ul><\/div>\n<\/div>\n","protected":false},"excerpt":{"rendered":"","protected":false},"author":1,"featured_media":0,"parent":0,"menu_order":0,"comment_status":"closed","ping_status":"closed","template":"","meta":{"footnotes":""},"class_list":["post-21","page","type-page","status-publish","hentry"],"_links":{"self":[{"href":"http:\/\/cms.lumo-modelle.de\/index.php\/wp-json\/wp\/v2\/pages\/21","targetHints":{"allow":["GET"]}}],"collection":[{"href":"http:\/\/cms.lumo-modelle.de\/index.php\/wp-json\/wp\/v2\/pages"}],"about":[{"href":"http:\/\/cms.lumo-modelle.de\/index.php\/wp-json\/wp\/v2\/types\/page"}],"author":[{"embeddable":true,"href":"http:\/\/cms.lumo-modelle.de\/index.php\/wp-json\/wp\/v2\/users\/1"}],"replies":[{"embeddable":true,"href":"http:\/\/cms.lumo-modelle.de\/index.php\/wp-json\/wp\/v2\/comments?post=21"}],"version-history":[{"count":22,"href":"http:\/\/cms.lumo-modelle.de\/index.php\/wp-json\/wp\/v2\/pages\/21\/revisions"}],"predecessor-version":[{"id":370,"href":"http:\/\/cms.lumo-modelle.de\/index.php\/wp-json\/wp\/v2\/pages\/21\/revisions\/370"}],"wp:attachment":[{"href":"http:\/\/cms.lumo-modelle.de\/index.php\/wp-json\/wp\/v2\/media?parent=21"}],"curies":[{"name":"wp","href":"https:\/\/api.w.org\/{rel}","templated":true}]}}