{"id":22,"date":"2024-01-19T22:10:13","date_gmt":"2024-01-19T21:10:13","guid":{"rendered":"http:\/\/cms.lumo-modelle.de\/?page_id=22"},"modified":"2024-01-27T20:09:01","modified_gmt":"2024-01-27T19:09:01","slug":"videogalerie","status":"publish","type":"page","link":"http:\/\/cms.lumo-modelle.de\/index.php\/videogalerie\/","title":{"rendered":"Videogalerie"},"content":{"rendered":"\n<div style=\"height:60px\" aria-hidden=\"true\" class=\"wp-block-spacer\"><\/div>\n\n\n\n<h4 class=\"wp-block-heading\"><strong>Gartenbahn Videos Spur G \/ IIm<\/strong><\/h4>\n\n\n\n<h4 class=\"wp-block-heading\">\u201e<strong>Harzdampf in Sachsen\u201c<\/strong><\/h4>\n\n\n\n<div style=\"height:30px\" aria-hidden=\"true\" class=\"wp-block-spacer\"><\/div>\n\n\n\n<p>Auf den Originalgleisen der Harzer Schmalspurbahnen (HSB) verkehren leider keine Mallet-Lokomotiven mehr, seit im Mai 2022 die 99 5906 als letzte noch betriebsf\u00e4hige Mallet-Lok in den Ruhestand versetzt wurde. Doch in Sachsen sind diese wundersch\u00f6nen Maschinen auch weiterhin mit Volldampf im Einsatz, wie diese Videos \u201eHarzdampf in Sachsen\u201c zeigen, wenn auch nur im Ma\u00dfstab 1:22,5.<\/p>\n\n\n\n<p>Inzwischen findet man das originale Bahnhofsgeb\u00e4ude Alexisbad der Selketalbahn dank Multi Schaal Modelbouw (<a href=\"http:\/\/www.multischaalmodelbouw.nl\/\">www.multischaalmodelbouw.nl<\/a>) auch mitten in Sachsen in Form eines liebevoll gestalteten Modells. Zwischen den Bahnh\u00f6fen Alexisbad, Harzgerode und Hasselfelde verkehren auf der \u201ekleinen Selketalbahn\u201c Lokomotiven wie die 99 222 (1\u2018E\u20181h2t) von MAGNUS, die Mallet-Lokomotiven 99 5901, 99 5902 und 99 5906 (B\u2018Bn4vt) und der Dreikuppler 99 6102 (Ch2t) von KISS mit den verschiedenen HSB-typischen Wagen. Die Dampflokomotiven fassen ihr Wasser aus den HSB-Wasserkr\u00e4nen von LUMO und DR-Bahnhofslampen von LUMO beleuchten die Bahnh\u00f6fe. Viel Spa\u00df beim St\u00f6bern.<\/p>\n\n\n\n<div style=\"height:61px\" aria-hidden=\"true\" class=\"wp-block-spacer\"><\/div>\n\n\n\n<figure class=\"wp-block-embed is-type-video is-provider-youtube wp-block-embed-youtube wp-embed-aspect-16-9 wp-has-aspect-ratio\"><div class=\"wp-block-embed__wrapper\">\n<iframe loading=\"lazy\" title=\"LUMO Modelle - Triebwagen VT137\" width=\"960\" height=\"540\" src=\"https:\/\/www.youtube.com\/embed\/V2SHpLVnFrA?feature=oembed\" frameborder=\"0\" allow=\"accelerometer; autoplay; clipboard-write; encrypted-media; gyroscope; picture-in-picture; web-share\" allowfullscreen><\/iframe>\n<\/div><\/figure>\n\n\n\n<div style=\"height:20px\" aria-hidden=\"true\" class=\"wp-block-spacer\"><\/div>\n\n\n\n<figure class=\"wp-block-embed is-type-video is-provider-youtube wp-block-embed-youtube wp-embed-aspect-16-9 wp-has-aspect-ratio\"><div class=\"wp-block-embed__wrapper\">\n<iframe loading=\"lazy\" title=\"LUMO Modelle - Im Selketal\" width=\"960\" height=\"540\" src=\"https:\/\/www.youtube.com\/embed\/1HSRK82xBYc?start=1&#038;feature=oembed\" frameborder=\"0\" allow=\"accelerometer; autoplay; clipboard-write; encrypted-media; gyroscope; picture-in-picture; web-share\" allowfullscreen><\/iframe>\n<\/div><\/figure>\n\n\n\n<div style=\"height:20px\" aria-hidden=\"true\" class=\"wp-block-spacer\"><\/div>\n\n\n\n<figure class=\"wp-block-embed is-type-video is-provider-youtube wp-block-embed-youtube wp-embed-aspect-16-9 wp-has-aspect-ratio\"><div class=\"wp-block-embed__wrapper\">\n<iframe loading=\"lazy\" title=\"LUMO-Modelle - Doppelausfahrt Alexisbad\" width=\"960\" height=\"540\" src=\"https:\/\/www.youtube.com\/embed\/0dx9YhQiWTI?start=1&#038;feature=oembed\" frameborder=\"0\" allow=\"accelerometer; autoplay; clipboard-write; encrypted-media; gyroscope; picture-in-picture; web-share\" allowfullscreen><\/iframe>\n<\/div><\/figure>\n\n\n\n<div style=\"height:20px\" aria-hidden=\"true\" class=\"wp-block-spacer\"><\/div>\n\n\n\n<figure class=\"wp-block-embed is-type-video is-provider-youtube wp-block-embed-youtube wp-embed-aspect-16-9 wp-has-aspect-ratio\"><div class=\"wp-block-embed__wrapper\">\n<iframe loading=\"lazy\" title=\"LUMO-Modelle - Abfahrt\" width=\"960\" height=\"540\" src=\"https:\/\/www.youtube.com\/embed\/zNHiSqTvNPs?feature=oembed\" frameborder=\"0\" allow=\"accelerometer; autoplay; clipboard-write; encrypted-media; gyroscope; picture-in-picture; web-share\" allowfullscreen><\/iframe>\n<\/div><\/figure>\n\n\n\n<div style=\"height:20px\" aria-hidden=\"true\" class=\"wp-block-spacer\"><\/div>\n\n\n\n<figure class=\"wp-block-embed is-type-video is-provider-youtube wp-block-embed-youtube wp-embed-aspect-16-9 wp-has-aspect-ratio\"><div class=\"wp-block-embed__wrapper\">\n<iframe loading=\"lazy\" title=\"LUMO-Modelle - Zugbegegnung\" width=\"960\" height=\"540\" src=\"https:\/\/www.youtube.com\/embed\/1eal2FwBKEU?feature=oembed\" frameborder=\"0\" allow=\"accelerometer; autoplay; clipboard-write; encrypted-media; gyroscope; picture-in-picture; web-share\" allowfullscreen><\/iframe>\n<\/div><\/figure>\n\n\n\n<div style=\"height:20px\" aria-hidden=\"true\" class=\"wp-block-spacer\"><\/div>\n\n\n\n<figure class=\"wp-block-embed is-type-video is-provider-youtube wp-block-embed-youtube wp-embed-aspect-16-9 wp-has-aspect-ratio\"><div class=\"wp-block-embed__wrapper\">\n<iframe loading=\"lazy\" title=\"LUMO Modelle - Morgenzug\" width=\"960\" height=\"540\" src=\"https:\/\/www.youtube.com\/embed\/N9jMzDenYk0?feature=oembed\" frameborder=\"0\" allow=\"accelerometer; autoplay; clipboard-write; encrypted-media; gyroscope; picture-in-picture; web-share\" allowfullscreen><\/iframe>\n<\/div><\/figure>\n\n\n\n<div style=\"height:20px\" aria-hidden=\"true\" class=\"wp-block-spacer\"><\/div>\n\n\n\n<figure class=\"wp-block-embed is-type-video is-provider-youtube wp-block-embed-youtube wp-embed-aspect-16-9 wp-has-aspect-ratio\"><div class=\"wp-block-embed__wrapper\">\n<iframe loading=\"lazy\" title=\"LUMO Modelle - Abendzug\" width=\"960\" height=\"540\" src=\"https:\/\/www.youtube.com\/embed\/B5lByke9Eic?feature=oembed\" frameborder=\"0\" allow=\"accelerometer; autoplay; clipboard-write; encrypted-media; gyroscope; picture-in-picture; web-share\" allowfullscreen><\/iframe>\n<\/div><\/figure>\n\n\n\n<div style=\"height:20px\" aria-hidden=\"true\" class=\"wp-block-spacer\"><\/div>\n\n\n\n<figure class=\"wp-block-embed is-type-video is-provider-youtube wp-block-embed-youtube wp-embed-aspect-16-9 wp-has-aspect-ratio\"><div class=\"wp-block-embed__wrapper\">\n<iframe loading=\"lazy\" title=\"LUMO Modelle - Lokschuppen\" width=\"960\" height=\"540\" src=\"https:\/\/www.youtube.com\/embed\/RUWrP576oPg?feature=oembed\" frameborder=\"0\" allow=\"accelerometer; autoplay; clipboard-write; encrypted-media; gyroscope; picture-in-picture; web-share\" allowfullscreen><\/iframe>\n<\/div><\/figure>\n\n\n\n<div style=\"height:20px\" aria-hidden=\"true\" class=\"wp-block-spacer\"><\/div>\n\n\n\n<figure class=\"wp-block-embed is-type-video is-provider-youtube wp-block-embed-youtube wp-embed-aspect-16-9 wp-has-aspect-ratio\"><div class=\"wp-block-embed__wrapper\">\n<iframe loading=\"lazy\" title=\"LUMO Modelle - HSB Wasserkran\" width=\"960\" height=\"540\" src=\"https:\/\/www.youtube.com\/embed\/6_GwFj47f9o?feature=oembed\" frameborder=\"0\" allow=\"accelerometer; autoplay; clipboard-write; encrypted-media; gyroscope; picture-in-picture; web-share\" allowfullscreen><\/iframe>\n<\/div><\/figure>\n\n\n\n<div style=\"height:20px\" aria-hidden=\"true\" class=\"wp-block-spacer\"><\/div>\n\n\n\n<figure class=\"wp-block-embed is-type-video is-provider-youtube wp-block-embed-youtube wp-embed-aspect-16-9 wp-has-aspect-ratio\"><div class=\"wp-block-embed__wrapper\">\n<iframe loading=\"lazy\" title=\"LUMO Modelle - Bahnhofsbetrieb\" width=\"960\" height=\"540\" src=\"https:\/\/www.youtube.com\/embed\/Ssrk8F-KOZE?feature=oembed\" frameborder=\"0\" allow=\"accelerometer; autoplay; clipboard-write; encrypted-media; gyroscope; picture-in-picture; web-share\" allowfullscreen><\/iframe>\n<\/div><\/figure>\n\n\n\n<div style=\"height:20px\" aria-hidden=\"true\" class=\"wp-block-spacer\"><\/div>\n\n\n\n<figure class=\"wp-block-embed is-type-video is-provider-youtube wp-block-embed-youtube wp-embed-aspect-16-9 wp-has-aspect-ratio\"><div class=\"wp-block-embed__wrapper\">\n<iframe loading=\"lazy\" title=\"LUMO Modelle - Doppelausfahrt\" width=\"960\" height=\"540\" src=\"https:\/\/www.youtube.com\/embed\/qQ5tQ9LMNJA?feature=oembed\" frameborder=\"0\" allow=\"accelerometer; autoplay; clipboard-write; encrypted-media; gyroscope; picture-in-picture; web-share\" allowfullscreen><\/iframe>\n<\/div><\/figure>\n\n\n\n<div style=\"height:20px\" aria-hidden=\"true\" class=\"wp-block-spacer\"><\/div>\n\n\n\n<figure class=\"wp-block-embed is-type-video is-provider-youtube wp-block-embed-youtube wp-embed-aspect-16-9 wp-has-aspect-ratio\"><div class=\"wp-block-embed__wrapper\">\n<iframe loading=\"lazy\" title=\"LUMO Modelle - Streckenfahrt\" width=\"960\" height=\"540\" src=\"https:\/\/www.youtube.com\/embed\/vMtmC4LaQEM?feature=oembed\" frameborder=\"0\" allow=\"accelerometer; autoplay; clipboard-write; encrypted-media; gyroscope; picture-in-picture; web-share\" allowfullscreen><\/iframe>\n<\/div><\/figure>\n","protected":false},"excerpt":{"rendered":"<p>Gartenbahn Videos Spur G \/ IIm \u201eHarzdampf in Sachsen\u201c Auf den Originalgleisen der Harzer Schmalspurbahnen (HSB) verkehren leider keine Mallet-Lokomotiven mehr, seit im Mai 2022 die 99 5906 als letzte noch betriebsf\u00e4hige Mallet-Lok in den Ruhestand versetzt wurde. Doch in Sachsen sind diese wundersch\u00f6nen Maschinen auch weiterhin mit Volldampf im Einsatz, wie diese Videos \u201eHarzdampf in Sachsen\u201c zeigen, wenn auch nur im Ma\u00dfstab 1:22,5. Inzwischen findet man das originale Bahnhofsgeb\u00e4ude Alexisbad der Selketalbahn dank Multi Schaal Modelbouw (www.multischaalmodelbouw.nl) auch mitten in Sachsen in Form eines liebevoll gestalteten Modells. Zwischen den Bahnh\u00f6fen Alexisbad, Harzgerode und Hasselfelde verkehren auf der \u201ekleinen Selketalbahn\u201c Lokomotiven wie die 99 222 (1\u2018E\u20181h2t) von MAGNUS, die Mallet-Lokomotiven 99 5901, 99 5902 und 99 5906 (B\u2018Bn4vt) und der Dreikuppler 99 6102 (Ch2t) von KISS mit den verschiedenen HSB-typischen Wagen. Die Dampflokomotiven fassen ihr Wasser aus den HSB-Wasserkr\u00e4nen von LUMO und DR-Bahnhofslampen von LUMO beleuchten die Bahnh\u00f6fe. Viel Spa\u00df beim St\u00f6bern.<\/p>\n","protected":false},"author":1,"featured_media":0,"parent":0,"menu_order":0,"comment_status":"closed","ping_status":"closed","template":"","meta":{"footnotes":""},"class_list":["post-22","page","type-page","status-publish","hentry"],"_links":{"self":[{"href":"http:\/\/cms.lumo-modelle.de\/index.php\/wp-json\/wp\/v2\/pages\/22","targetHints":{"allow":["GET"]}}],"collection":[{"href":"http:\/\/cms.lumo-modelle.de\/index.php\/wp-json\/wp\/v2\/pages"}],"about":[{"href":"http:\/\/cms.lumo-modelle.de\/index.php\/wp-json\/wp\/v2\/types\/page"}],"author":[{"embeddable":true,"href":"http:\/\/cms.lumo-modelle.de\/index.php\/wp-json\/wp\/v2\/users\/1"}],"replies":[{"embeddable":true,"href":"http:\/\/cms.lumo-modelle.de\/index.php\/wp-json\/wp\/v2\/comments?post=22"}],"version-history":[{"count":7,"href":"http:\/\/cms.lumo-modelle.de\/index.php\/wp-json\/wp\/v2\/pages\/22\/revisions"}],"predecessor-version":[{"id":537,"href":"http:\/\/cms.lumo-modelle.de\/index.php\/wp-json\/wp\/v2\/pages\/22\/revisions\/537"}],"wp:attachment":[{"href":"http:\/\/cms.lumo-modelle.de\/index.php\/wp-json\/wp\/v2\/media?parent=22"}],"curies":[{"name":"wp","href":"https:\/\/api.w.org\/{rel}","templated":true}]}}