{"id":23,"date":"2024-01-19T22:10:13","date_gmt":"2024-01-19T21:10:13","guid":{"rendered":"http:\/\/cms.lumo-modelle.de\/?page_id=23"},"modified":"2024-01-26T13:32:53","modified_gmt":"2024-01-26T12:32:53","slug":"impressum","status":"publish","type":"page","link":"http:\/\/cms.lumo-modelle.de\/index.php\/impressum\/","title":{"rendered":"Impressum"},"content":{"rendered":"\n<div style=\"height:60px\" aria-hidden=\"true\" class=\"wp-block-spacer\"><\/div>\n\n\n\n<h3 class=\"wp-block-heading\">Angaben gem\u00e4\u00df \u00a7 5 TMG<\/h3>\n\n\n\n<p>Evelyn Luft<br>LUMO-Modelle<br>Herrenweg 52<br>09599 Leipzig<\/p>\n\n\n\n<h3 class=\"wp-block-heading\">Kontakt<\/h3>\n\n\n\n<p>Telefon: +49 3731 34798<br>E-Mail: info@lumo-modelle.de<\/p>\n\n\n\n<h3 class=\"wp-block-heading\">Redaktionell verantwortlich<\/h3>\n\n\n\n<p>Evelyn Luft<\/p>\n\n\n\n<h3 class=\"wp-block-heading\">EU-Streitschlichtung<\/h3>\n\n\n\n<p>Die Europ\u00e4ische Kommission stellt eine Plattform zur Online-Streitbeilegung (OS) bereit: <a href=\"https:\/\/ec.europa.eu\/consumers\/odr\/\" target=\"_blank\" rel=\"noopener noreferrer\">https:\/\/ec.europa.eu\/consumers\/odr\/<\/a>.<br>Unsere E-Mail-Adresse finden Sie oben im Impressum.<\/p>\n\n\n\n<h3 class=\"wp-block-heading\">Verbraucher\u00adstreit\u00adbeilegung\/Universal\u00adschlichtungs\u00adstelle<\/h3>\n\n\n\n<p>Wir sind nicht bereit oder verpflichtet, an Streitbeilegungsverfahren vor einer Verbraucherschlichtungsstelle teilzunehmen.<\/p>\n\n\n\n<p>Quelle: <a href=\"https:\/\/www.e-recht24.de\">https:\/\/www.e-recht24.de<\/a><\/p>\n\n\n\n<h3 class=\"wp-block-heading\">Bildquellen und Urheberrechtshinweise:<\/h3>\n\n\n\n<p>S\u00e4mtliche Texte, Bilder und andere auf der Webseite ver\u00f6ffentlichte Informationen unterliegen dem deutschen Urheberrecht. Jede Ver\u00f6ffentlichung, Vervielf\u00e4ltigung und Verbreitung der Inhalte bedarf der schriftlichen Genehmigung von LUMO-Modelle.<\/p>\n\n\n\n<p>&nbsp;<\/p>\n","protected":false},"excerpt":{"rendered":"<p>Angaben gem\u00e4\u00df \u00a7 5 TMG Evelyn LuftLUMO-ModelleHerrenweg 5209599 Leipzig Kontakt Telefon: +49 3731 34798E-Mail: info@lumo-modelle.de Redaktionell verantwortlich Evelyn Luft EU-Streitschlichtung Die Europ\u00e4ische Kommission stellt eine Plattform zur Online-Streitbeilegung (OS) bereit: https:\/\/ec.europa.eu\/consumers\/odr\/.Unsere E-Mail-Adresse finden Sie oben im Impressum. Verbraucher\u00adstreit\u00adbeilegung\/Universal\u00adschlichtungs\u00adstelle Wir sind nicht bereit oder verpflichtet, an Streitbeilegungsverfahren vor einer Verbraucherschlichtungsstelle teilzunehmen. Quelle: https:\/\/www.e-recht24.de Bildquellen und Urheberrechtshinweise: S\u00e4mtliche Texte, Bilder und andere auf der Webseite ver\u00f6ffentlichte Informationen unterliegen dem deutschen Urheberrecht. Jede Ver\u00f6ffentlichung, Vervielf\u00e4ltigung und Verbreitung der Inhalte bedarf der schriftlichen Genehmigung von LUMO-Modelle. &nbsp;<\/p>\n","protected":false},"author":1,"featured_media":0,"parent":0,"menu_order":0,"comment_status":"closed","ping_status":"closed","template":"","meta":{"footnotes":""},"class_list":["post-23","page","type-page","status-publish","hentry"],"_links":{"self":[{"href":"http:\/\/cms.lumo-modelle.de\/index.php\/wp-json\/wp\/v2\/pages\/23","targetHints":{"allow":["GET"]}}],"collection":[{"href":"http:\/\/cms.lumo-modelle.de\/index.php\/wp-json\/wp\/v2\/pages"}],"about":[{"href":"http:\/\/cms.lumo-modelle.de\/index.php\/wp-json\/wp\/v2\/types\/page"}],"author":[{"embeddable":true,"href":"http:\/\/cms.lumo-modelle.de\/index.php\/wp-json\/wp\/v2\/users\/1"}],"replies":[{"embeddable":true,"href":"http:\/\/cms.lumo-modelle.de\/index.php\/wp-json\/wp\/v2\/comments?post=23"}],"version-history":[{"count":9,"href":"http:\/\/cms.lumo-modelle.de\/index.php\/wp-json\/wp\/v2\/pages\/23\/revisions"}],"predecessor-version":[{"id":533,"href":"http:\/\/cms.lumo-modelle.de\/index.php\/wp-json\/wp\/v2\/pages\/23\/revisions\/533"}],"wp:attachment":[{"href":"http:\/\/cms.lumo-modelle.de\/index.php\/wp-json\/wp\/v2\/media?parent=23"}],"curies":[{"name":"wp","href":"https:\/\/api.w.org\/{rel}","templated":true}]}}