{"id":522,"date":"2024-01-26T13:13:27","date_gmt":"2024-01-26T12:13:27","guid":{"rendered":"http:\/\/cms.lumo-modelle.de\/?page_id=522"},"modified":"2024-01-27T20:08:25","modified_gmt":"2024-01-27T19:08:25","slug":"kleinserienprodukt-dr-bahnhofslampe-salatschuessel-spur-g-iim","status":"publish","type":"page","link":"http:\/\/cms.lumo-modelle.de\/index.php\/produkte\/kleinserienprodukt-dr-bahnhofslampe-salatschuessel-spur-g-iim\/","title":{"rendered":"Kleinserienprodukt DR-Bahnhofslampe \u201eSalatsch\u00fcssel\u201c Spur G \/ IIm"},"content":{"rendered":"\n<div style=\"height:60px\" aria-hidden=\"true\" class=\"wp-block-spacer\"><\/div>\n\n\n\n<p>Diese Bahnhofslampe war zu DDR-Zeiten auf vielen Bahnh\u00f6fen der Deutschen Reichbahn anzutreffen. Sie erhielt ihren Spitznamen \u201eSalatsch\u00fcssel\u201c bzw. \u201ePilzleuchte\u201c wegen der unverkennbaren Form des Lampenschirms.<\/p>\n\n\n\n<p>Im Modell ist die typische Ausf\u00fchrung nachgebildet, wie man sie auf den Bahnh\u00f6fen der Harzer Schmalspurbahnen (HSB) vorfindet, mit Holzmast, Dreipunktbefestigung des Lampensockels, Mastschuhe aus Beton, Anschlusskasten unten und Anschlussdose oben.<\/p>\n\n\n\n<div class=\"wp-block-columns is-layout-flex wp-container-core-columns-is-layout-9d6595d7 wp-block-columns-is-layout-flex\">\n<div class=\"wp-block-column is-layout-flow wp-block-column-is-layout-flow\">\n<figure class=\"wp-block-image size-full is-resized\"><img loading=\"lazy\" decoding=\"async\" width=\"327\" height=\"301\" src=\"http:\/\/cms.lumo-modelle.de\/wp-content\/uploads\/2024\/01\/Bahnhofslampe_image002.png\" alt=\"\" class=\"wp-image-408\" style=\"width:416px;height:auto\" srcset=\"http:\/\/cms.lumo-modelle.de\/wp-content\/uploads\/2024\/01\/Bahnhofslampe_image002.png 327w, http:\/\/cms.lumo-modelle.de\/wp-content\/uploads\/2024\/01\/Bahnhofslampe_image002-300x276.png 300w\" sizes=\"auto, (max-width: 327px) 100vw, 327px\" \/><\/figure>\n<\/div>\n\n\n\n<div class=\"wp-block-column is-layout-flow wp-block-column-is-layout-flow\">\n<figure class=\"wp-block-image size-full is-resized\"><img loading=\"lazy\" decoding=\"async\" width=\"327\" height=\"302\" src=\"http:\/\/cms.lumo-modelle.de\/wp-content\/uploads\/2024\/01\/Bahnhofslampe_image003.png\" alt=\"\" class=\"wp-image-410\" style=\"width:416px;height:auto\" srcset=\"http:\/\/cms.lumo-modelle.de\/wp-content\/uploads\/2024\/01\/Bahnhofslampe_image003.png 327w, http:\/\/cms.lumo-modelle.de\/wp-content\/uploads\/2024\/01\/Bahnhofslampe_image003-300x277.png 300w\" sizes=\"auto, (max-width: 327px) 100vw, 327px\" \/><\/figure>\n<\/div>\n<\/div>\n\n\n\n<div style=\"height:50px\" aria-hidden=\"true\" class=\"wp-block-spacer\"><\/div>\n\n\n\n<p><strong>Modellausf\u00fchrungen:<\/strong><\/p>\n\n\n\n<div style=\"height:30px\" aria-hidden=\"true\" class=\"wp-block-spacer\"><\/div>\n\n\n\n<div class=\"wp-block-columns is-layout-flex wp-container-core-columns-is-layout-9d6595d7 wp-block-columns-is-layout-flex\">\n<div class=\"wp-block-column is-layout-flow wp-block-column-is-layout-flow\" style=\"flex-basis:70%\">\n<p><strong>Bestell-Nr. 100100:<\/strong><\/p>\n\n\n\n<ul class=\"wp-block-list\">\n<li>DR-Bahnhofslampe Spur G \/ IIm<\/li>\n\n\n\n<li>Ausf\u00fchrung \u201eSalatsch\u00fcssel\u201c<\/li>\n\n\n\n<li>wetterbest\u00e4ndiger Holzmast<\/li>\n\n\n\n<li>Mastschuhe in Betonoptik<\/li>\n\n\n\n<li>Anschlusskasten und Anschlussdose<\/li>\n\n\n\n<li>Lampenschirm abschraubbar<\/li>\n\n\n\n<li>Stecksockel<\/li>\n\n\n\n<li>komplett montiert und lackiert<\/li>\n\n\n\n<li><strong>ohne farbliche Alterung<\/strong><\/li>\n<\/ul>\n\n\n\n<div style=\"height:28px\" aria-hidden=\"true\" class=\"wp-block-spacer\"><\/div>\n\n\n\n<div class=\"wp-block-columns is-layout-flex wp-container-core-columns-is-layout-9d6595d7 wp-block-columns-is-layout-flex\">\n<div class=\"wp-block-column is-layout-flow wp-block-column-is-layout-flow\">\n<figure data-wp-context=\"{&quot;imageId&quot;:&quot;69e23f2907744&quot;}\" data-wp-interactive=\"core\/image\" data-wp-key=\"69e23f2907744\" class=\"wp-block-image size-full is-resized wp-lightbox-container\"><img loading=\"lazy\" decoding=\"async\" width=\"222\" height=\"332\" data-wp-class--hide=\"state.isContentHidden\" data-wp-class--show=\"state.isContentVisible\" data-wp-init=\"callbacks.setButtonStyles\" data-wp-on--click=\"actions.showLightbox\" data-wp-on--load=\"callbacks.setButtonStyles\" data-wp-on-window--resize=\"callbacks.setButtonStyles\" src=\"http:\/\/cms.lumo-modelle.de\/wp-content\/uploads\/2024\/01\/Bahnhofslampe_image007.jpg\" alt=\"\" class=\"wp-image-412\" style=\"width:269px\" srcset=\"http:\/\/cms.lumo-modelle.de\/wp-content\/uploads\/2024\/01\/Bahnhofslampe_image007.jpg 222w, http:\/\/cms.lumo-modelle.de\/wp-content\/uploads\/2024\/01\/Bahnhofslampe_image007-201x300.jpg 201w\" sizes=\"auto, (max-width: 222px) 100vw, 222px\" \/><button\n\t\t\tclass=\"lightbox-trigger\"\n\t\t\ttype=\"button\"\n\t\t\taria-haspopup=\"dialog\"\n\t\t\taria-label=\"Vergr\u00f6\u00dfern\"\n\t\t\tdata-wp-init=\"callbacks.initTriggerButton\"\n\t\t\tdata-wp-on--click=\"actions.showLightbox\"\n\t\t\tdata-wp-style--right=\"state.imageButtonRight\"\n\t\t\tdata-wp-style--top=\"state.imageButtonTop\"\n\t\t>\n\t\t\t<svg xmlns=\"http:\/\/www.w3.org\/2000\/svg\" width=\"12\" height=\"12\" fill=\"none\" viewBox=\"0 0 12 12\">\n\t\t\t\t<path fill=\"#fff\" d=\"M2 0a2 2 0 0 0-2 2v2h1.5V2a.5.5 0 0 1 .5-.5h2V0H2Zm2 10.5H2a.5.5 0 0 1-.5-.5V8H0v2a2 2 0 0 0 2 2h2v-1.5ZM8 12v-1.5h2a.5.5 0 0 0 .5-.5V8H12v2a2 2 0 0 1-2 2H8Zm2-12a2 2 0 0 1 2 2v2h-1.5V2a.5.5 0 0 0-.5-.5H8V0h2Z\" \/>\n\t\t\t<\/svg>\n\t\t<\/button><\/figure>\n<\/div>\n\n\n\n<div class=\"wp-block-column is-layout-flow wp-block-column-is-layout-flow\">\n<figure data-wp-context=\"{&quot;imageId&quot;:&quot;69e23f2907d76&quot;}\" data-wp-interactive=\"core\/image\" data-wp-key=\"69e23f2907d76\" class=\"wp-block-image size-full is-resized wp-lightbox-container\"><img loading=\"lazy\" decoding=\"async\" width=\"222\" height=\"332\" data-wp-class--hide=\"state.isContentHidden\" data-wp-class--show=\"state.isContentVisible\" data-wp-init=\"callbacks.setButtonStyles\" data-wp-on--click=\"actions.showLightbox\" data-wp-on--load=\"callbacks.setButtonStyles\" data-wp-on-window--resize=\"callbacks.setButtonStyles\" src=\"http:\/\/cms.lumo-modelle.de\/wp-content\/uploads\/2024\/01\/Bahnhofslampe_image008.jpg\" alt=\"\" class=\"wp-image-413\" style=\"width:269px;height:auto\" srcset=\"http:\/\/cms.lumo-modelle.de\/wp-content\/uploads\/2024\/01\/Bahnhofslampe_image008.jpg 222w, http:\/\/cms.lumo-modelle.de\/wp-content\/uploads\/2024\/01\/Bahnhofslampe_image008-201x300.jpg 201w\" sizes=\"auto, (max-width: 222px) 100vw, 222px\" \/><button\n\t\t\tclass=\"lightbox-trigger\"\n\t\t\ttype=\"button\"\n\t\t\taria-haspopup=\"dialog\"\n\t\t\taria-label=\"Vergr\u00f6\u00dfern\"\n\t\t\tdata-wp-init=\"callbacks.initTriggerButton\"\n\t\t\tdata-wp-on--click=\"actions.showLightbox\"\n\t\t\tdata-wp-style--right=\"state.imageButtonRight\"\n\t\t\tdata-wp-style--top=\"state.imageButtonTop\"\n\t\t>\n\t\t\t<svg xmlns=\"http:\/\/www.w3.org\/2000\/svg\" width=\"12\" height=\"12\" fill=\"none\" viewBox=\"0 0 12 12\">\n\t\t\t\t<path fill=\"#fff\" d=\"M2 0a2 2 0 0 0-2 2v2h1.5V2a.5.5 0 0 1 .5-.5h2V0H2Zm2 10.5H2a.5.5 0 0 1-.5-.5V8H0v2a2 2 0 0 0 2 2h2v-1.5ZM8 12v-1.5h2a.5.5 0 0 0 .5-.5V8H12v2a2 2 0 0 1-2 2H8Zm2-12a2 2 0 0 1 2 2v2h-1.5V2a.5.5 0 0 0-.5-.5H8V0h2Z\" \/>\n\t\t\t<\/svg>\n\t\t<\/button><\/figure>\n<\/div>\n<\/div>\n<\/div>\n\n\n\n<div class=\"wp-block-column is-vertically-aligned-top is-layout-flow wp-block-column-is-layout-flow\"><div class=\"wp-block-image\">\n<figure data-wp-context=\"{&quot;imageId&quot;:&quot;69e23f29084a8&quot;}\" data-wp-interactive=\"core\/image\" data-wp-key=\"69e23f29084a8\" class=\"alignright size-full is-resized wp-lightbox-container\"><img loading=\"lazy\" decoding=\"async\" width=\"200\" height=\"722\" data-wp-class--hide=\"state.isContentHidden\" data-wp-class--show=\"state.isContentVisible\" data-wp-init=\"callbacks.setButtonStyles\" data-wp-on--click=\"actions.showLightbox\" data-wp-on--load=\"callbacks.setButtonStyles\" data-wp-on-window--resize=\"callbacks.setButtonStyles\" src=\"http:\/\/cms.lumo-modelle.de\/wp-content\/uploads\/2024\/01\/Bahnhofslampe_image005.jpg\" alt=\"\" class=\"wp-image-411\" style=\"width:238px;height:auto\" srcset=\"http:\/\/cms.lumo-modelle.de\/wp-content\/uploads\/2024\/01\/Bahnhofslampe_image005.jpg 200w, http:\/\/cms.lumo-modelle.de\/wp-content\/uploads\/2024\/01\/Bahnhofslampe_image005-83x300.jpg 83w\" sizes=\"auto, (max-width: 200px) 100vw, 200px\" \/><button\n\t\t\tclass=\"lightbox-trigger\"\n\t\t\ttype=\"button\"\n\t\t\taria-haspopup=\"dialog\"\n\t\t\taria-label=\"Vergr\u00f6\u00dfern\"\n\t\t\tdata-wp-init=\"callbacks.initTriggerButton\"\n\t\t\tdata-wp-on--click=\"actions.showLightbox\"\n\t\t\tdata-wp-style--right=\"state.imageButtonRight\"\n\t\t\tdata-wp-style--top=\"state.imageButtonTop\"\n\t\t>\n\t\t\t<svg xmlns=\"http:\/\/www.w3.org\/2000\/svg\" width=\"12\" height=\"12\" fill=\"none\" viewBox=\"0 0 12 12\">\n\t\t\t\t<path fill=\"#fff\" d=\"M2 0a2 2 0 0 0-2 2v2h1.5V2a.5.5 0 0 1 .5-.5h2V0H2Zm2 10.5H2a.5.5 0 0 1-.5-.5V8H0v2a2 2 0 0 0 2 2h2v-1.5ZM8 12v-1.5h2a.5.5 0 0 0 .5-.5V8H12v2a2 2 0 0 1-2 2H8Zm2-12a2 2 0 0 1 2 2v2h-1.5V2a.5.5 0 0 0-.5-.5H8V0h2Z\" \/>\n\t\t\t<\/svg>\n\t\t<\/button><\/figure>\n<\/div><\/div>\n<\/div>\n\n\n\n<div class=\"wp-block-columns is-layout-flex wp-container-core-columns-is-layout-9d6595d7 wp-block-columns-is-layout-flex\">\n<div class=\"wp-block-column is-layout-flow wp-block-column-is-layout-flow\" style=\"flex-basis:70%\">\n<p><strong>Bestell-Nr. 100200:<\/strong><\/p>\n\n\n\n<ul class=\"wp-block-list\">\n<li>DR-Bahnhofslampe Spur G \/ IIm<\/li>\n\n\n\n<li>Ausf\u00fchrung \u201eSalatsch\u00fcssel\u201c<\/li>\n\n\n\n<li>wetterbest\u00e4ndiger Holzmast<\/li>\n\n\n\n<li>Mastschuhe in Betonoptik<\/li>\n\n\n\n<li>Anschlusskasten und Anschlussdose<\/li>\n\n\n\n<li>Lampenschirm abschraubbar<\/li>\n\n\n\n<li>Stecksockel<\/li>\n\n\n\n<li>komplett montiert und lackiert<\/li>\n\n\n\n<li><strong>farblich gealtert \/ patiniert<\/strong><\/li>\n<\/ul>\n\n\n\n<div style=\"height:28px\" aria-hidden=\"true\" class=\"wp-block-spacer\"><\/div>\n\n\n\n<div class=\"wp-block-columns is-layout-flex wp-container-core-columns-is-layout-9d6595d7 wp-block-columns-is-layout-flex\">\n<div class=\"wp-block-column is-layout-flow wp-block-column-is-layout-flow\">\n<figure data-wp-context=\"{&quot;imageId&quot;:&quot;69e23f2908c3e&quot;}\" data-wp-interactive=\"core\/image\" data-wp-key=\"69e23f2908c3e\" class=\"wp-block-image size-full is-resized wp-lightbox-container\"><img loading=\"lazy\" decoding=\"async\" width=\"222\" height=\"332\" data-wp-class--hide=\"state.isContentHidden\" data-wp-class--show=\"state.isContentVisible\" data-wp-init=\"callbacks.setButtonStyles\" data-wp-on--click=\"actions.showLightbox\" data-wp-on--load=\"callbacks.setButtonStyles\" data-wp-on-window--resize=\"callbacks.setButtonStyles\" src=\"http:\/\/cms.lumo-modelle.de\/wp-content\/uploads\/2024\/01\/Bahnhofslampe_image011.jpg\" alt=\"\" class=\"wp-image-416\" style=\"width:269px\" srcset=\"http:\/\/cms.lumo-modelle.de\/wp-content\/uploads\/2024\/01\/Bahnhofslampe_image011.jpg 222w, http:\/\/cms.lumo-modelle.de\/wp-content\/uploads\/2024\/01\/Bahnhofslampe_image011-201x300.jpg 201w\" sizes=\"auto, (max-width: 222px) 100vw, 222px\" \/><button\n\t\t\tclass=\"lightbox-trigger\"\n\t\t\ttype=\"button\"\n\t\t\taria-haspopup=\"dialog\"\n\t\t\taria-label=\"Vergr\u00f6\u00dfern\"\n\t\t\tdata-wp-init=\"callbacks.initTriggerButton\"\n\t\t\tdata-wp-on--click=\"actions.showLightbox\"\n\t\t\tdata-wp-style--right=\"state.imageButtonRight\"\n\t\t\tdata-wp-style--top=\"state.imageButtonTop\"\n\t\t>\n\t\t\t<svg xmlns=\"http:\/\/www.w3.org\/2000\/svg\" width=\"12\" height=\"12\" fill=\"none\" viewBox=\"0 0 12 12\">\n\t\t\t\t<path fill=\"#fff\" d=\"M2 0a2 2 0 0 0-2 2v2h1.5V2a.5.5 0 0 1 .5-.5h2V0H2Zm2 10.5H2a.5.5 0 0 1-.5-.5V8H0v2a2 2 0 0 0 2 2h2v-1.5ZM8 12v-1.5h2a.5.5 0 0 0 .5-.5V8H12v2a2 2 0 0 1-2 2H8Zm2-12a2 2 0 0 1 2 2v2h-1.5V2a.5.5 0 0 0-.5-.5H8V0h2Z\" \/>\n\t\t\t<\/svg>\n\t\t<\/button><\/figure>\n<\/div>\n\n\n\n<div class=\"wp-block-column is-layout-flow wp-block-column-is-layout-flow\">\n<figure data-wp-context=\"{&quot;imageId&quot;:&quot;69e23f29091fc&quot;}\" data-wp-interactive=\"core\/image\" data-wp-key=\"69e23f29091fc\" class=\"wp-block-image size-full is-resized wp-lightbox-container\"><img loading=\"lazy\" decoding=\"async\" width=\"222\" height=\"332\" data-wp-class--hide=\"state.isContentHidden\" data-wp-class--show=\"state.isContentVisible\" data-wp-init=\"callbacks.setButtonStyles\" data-wp-on--click=\"actions.showLightbox\" data-wp-on--load=\"callbacks.setButtonStyles\" data-wp-on-window--resize=\"callbacks.setButtonStyles\" src=\"http:\/\/cms.lumo-modelle.de\/wp-content\/uploads\/2024\/01\/Bahnhofslampe_image012.jpg\" alt=\"\" class=\"wp-image-417\" style=\"width:269px;height:auto\" srcset=\"http:\/\/cms.lumo-modelle.de\/wp-content\/uploads\/2024\/01\/Bahnhofslampe_image012.jpg 222w, http:\/\/cms.lumo-modelle.de\/wp-content\/uploads\/2024\/01\/Bahnhofslampe_image012-201x300.jpg 201w\" sizes=\"auto, (max-width: 222px) 100vw, 222px\" \/><button\n\t\t\tclass=\"lightbox-trigger\"\n\t\t\ttype=\"button\"\n\t\t\taria-haspopup=\"dialog\"\n\t\t\taria-label=\"Vergr\u00f6\u00dfern\"\n\t\t\tdata-wp-init=\"callbacks.initTriggerButton\"\n\t\t\tdata-wp-on--click=\"actions.showLightbox\"\n\t\t\tdata-wp-style--right=\"state.imageButtonRight\"\n\t\t\tdata-wp-style--top=\"state.imageButtonTop\"\n\t\t>\n\t\t\t<svg xmlns=\"http:\/\/www.w3.org\/2000\/svg\" width=\"12\" height=\"12\" fill=\"none\" viewBox=\"0 0 12 12\">\n\t\t\t\t<path fill=\"#fff\" d=\"M2 0a2 2 0 0 0-2 2v2h1.5V2a.5.5 0 0 1 .5-.5h2V0H2Zm2 10.5H2a.5.5 0 0 1-.5-.5V8H0v2a2 2 0 0 0 2 2h2v-1.5ZM8 12v-1.5h2a.5.5 0 0 0 .5-.5V8H12v2a2 2 0 0 1-2 2H8Zm2-12a2 2 0 0 1 2 2v2h-1.5V2a.5.5 0 0 0-.5-.5H8V0h2Z\" \/>\n\t\t\t<\/svg>\n\t\t<\/button><\/figure>\n<\/div>\n<\/div>\n<\/div>\n\n\n\n<div class=\"wp-block-column is-vertically-aligned-top is-layout-flow wp-block-column-is-layout-flow\"><div class=\"wp-block-image\">\n<figure data-wp-context=\"{&quot;imageId&quot;:&quot;69e23f2909966&quot;}\" data-wp-interactive=\"core\/image\" data-wp-key=\"69e23f2909966\" class=\"alignright size-full is-resized wp-lightbox-container\"><img loading=\"lazy\" decoding=\"async\" width=\"200\" height=\"722\" data-wp-class--hide=\"state.isContentHidden\" data-wp-class--show=\"state.isContentVisible\" data-wp-init=\"callbacks.setButtonStyles\" data-wp-on--click=\"actions.showLightbox\" data-wp-on--load=\"callbacks.setButtonStyles\" data-wp-on-window--resize=\"callbacks.setButtonStyles\" src=\"http:\/\/cms.lumo-modelle.de\/wp-content\/uploads\/2024\/01\/Bahnhofslampe_image009.jpg\" alt=\"\" class=\"wp-image-414\" style=\"width:238px;height:auto\" srcset=\"http:\/\/cms.lumo-modelle.de\/wp-content\/uploads\/2024\/01\/Bahnhofslampe_image009.jpg 200w, http:\/\/cms.lumo-modelle.de\/wp-content\/uploads\/2024\/01\/Bahnhofslampe_image009-83x300.jpg 83w\" sizes=\"auto, (max-width: 200px) 100vw, 200px\" \/><button\n\t\t\tclass=\"lightbox-trigger\"\n\t\t\ttype=\"button\"\n\t\t\taria-haspopup=\"dialog\"\n\t\t\taria-label=\"Vergr\u00f6\u00dfern\"\n\t\t\tdata-wp-init=\"callbacks.initTriggerButton\"\n\t\t\tdata-wp-on--click=\"actions.showLightbox\"\n\t\t\tdata-wp-style--right=\"state.imageButtonRight\"\n\t\t\tdata-wp-style--top=\"state.imageButtonTop\"\n\t\t>\n\t\t\t<svg xmlns=\"http:\/\/www.w3.org\/2000\/svg\" width=\"12\" height=\"12\" fill=\"none\" viewBox=\"0 0 12 12\">\n\t\t\t\t<path fill=\"#fff\" d=\"M2 0a2 2 0 0 0-2 2v2h1.5V2a.5.5 0 0 1 .5-.5h2V0H2Zm2 10.5H2a.5.5 0 0 1-.5-.5V8H0v2a2 2 0 0 0 2 2h2v-1.5ZM8 12v-1.5h2a.5.5 0 0 0 .5-.5V8H12v2a2 2 0 0 1-2 2H8Zm2-12a2 2 0 0 1 2 2v2h-1.5V2a.5.5 0 0 0-.5-.5H8V0h2Z\" \/>\n\t\t\t<\/svg>\n\t\t<\/button><\/figure>\n<\/div><\/div>\n<\/div>\n\n\n\n<div style=\"height:51px\" aria-hidden=\"true\" class=\"wp-block-spacer\"><\/div>\n\n\n\n<p><strong>Beschreibung:<\/strong><\/p>\n\n\n\n<ul class=\"wp-block-list\">\n<li>exaktes Modell der DR-Bahnhofslampe im Ma\u00dfstab 1:22,5 f\u00fcr Spur G \/ IIm<\/li>\n\n\n\n<li>auch bekannt als \u201eSalatsch\u00fcssel\u201c, \u201ePilzleuchte\u201c bzw. \u201ePilzlampe\u201c<\/li>\n\n\n\n<li>typische Ausf\u00fchrung bei der HSB (Harzer Schmalspurbahnen)<\/li>\n\n\n\n<li>H\u00f6he der Lampe 400 mm<\/li>\n\n\n\n<li>Lampenschirm, Halterung und Lampenfassung in Metallausf\u00fchrung (Messing)<\/li>\n\n\n\n<li>Mast aus witterungsbest\u00e4ndigem Echtholz<\/li>\n\n\n\n<li>exakte Nachbildung der E-Verteilerdosen am Mast<\/li>\n\n\n\n<li>exakte Nachbildung der Beton-Mastschuhe<\/li>\n\n\n\n<li>einfache Mastbefestigung \u00fcber geschraubten Stecksockel<\/li>\n\n\n\n<li>Lampenschirm f\u00fcr Gl\u00fchlampenwechsel abschraubbar<\/li>\n\n\n\n<li>optional mit farblicher Alterung \/ Patinierung<\/li>\n\n\n\n<li>Auslieferung im fertig montierten und lackiertem Zustand<\/li>\n\n\n\n<li>Ma\u00dfe und Details zu den Ausf\u00fchrungsvarianten siehe Datenblatt<\/li>\n<\/ul>\n\n\n\n<p>Die DR-Bahnhofslampe ist witterungsbest\u00e4ndig und kann auf Innen- und Au\u00dfenanlagen eingesetzt werden. Nur im Winter ist Schutz vor Schnee und Eis erforderlich, um mechanische Sch\u00e4den zu vermeiden.<\/p>\n\n\n\n<div style=\"height:30px\" aria-hidden=\"true\" class=\"wp-block-spacer\"><\/div>\n\n\n\n<figure class=\"wp-block-image size-full\"><img loading=\"lazy\" decoding=\"async\" width=\"665\" height=\"162\" src=\"http:\/\/cms.lumo-modelle.de\/wp-content\/uploads\/2024\/01\/Bahnhofslampe_image014.png\" alt=\"\" class=\"wp-image-418\" srcset=\"http:\/\/cms.lumo-modelle.de\/wp-content\/uploads\/2024\/01\/Bahnhofslampe_image014.png 665w, http:\/\/cms.lumo-modelle.de\/wp-content\/uploads\/2024\/01\/Bahnhofslampe_image014-300x73.png 300w\" sizes=\"auto, (max-width: 665px) 100vw, 665px\" \/><\/figure>\n\n\n\n<div style=\"height:30px\" aria-hidden=\"true\" class=\"wp-block-spacer\"><\/div>\n\n\n\n<p><a href=\"http:\/\/cms.lumo-modelle.de\/wp-content\/uploads\/2024\/01\/Datenblatt_DR-Lampe.pdf\">Datenblatt<\/a><\/p>\n","protected":false},"excerpt":{"rendered":"<p>Diese Bahnhofslampe war zu DDR-Zeiten auf vielen Bahnh\u00f6fen der Deutschen Reichbahn anzutreffen. Sie erhielt ihren Spitznamen \u201eSalatsch\u00fcssel\u201c bzw. \u201ePilzleuchte\u201c wegen der unverkennbaren Form des Lampenschirms. Im Modell ist die typische Ausf\u00fchrung nachgebildet, wie man sie auf den Bahnh\u00f6fen der Harzer Schmalspurbahnen (HSB) vorfindet, mit Holzmast, Dreipunktbefestigung des Lampensockels, Mastschuhe aus Beton, Anschlusskasten unten und Anschlussdose oben. Modellausf\u00fchrungen: Bestell-Nr. 100100: Bestell-Nr. 100200: Beschreibung: Die DR-Bahnhofslampe ist witterungsbest\u00e4ndig und kann auf Innen- und Au\u00dfenanlagen eingesetzt werden. Nur im Winter ist Schutz vor Schnee und Eis erforderlich, um mechanische Sch\u00e4den zu vermeiden. Datenblatt<\/p>\n","protected":false},"author":1,"featured_media":0,"parent":19,"menu_order":0,"comment_status":"closed","ping_status":"closed","template":"","meta":{"footnotes":""},"class_list":["post-522","page","type-page","status-publish","hentry"],"_links":{"self":[{"href":"http:\/\/cms.lumo-modelle.de\/index.php\/wp-json\/wp\/v2\/pages\/522","targetHints":{"allow":["GET"]}}],"collection":[{"href":"http:\/\/cms.lumo-modelle.de\/index.php\/wp-json\/wp\/v2\/pages"}],"about":[{"href":"http:\/\/cms.lumo-modelle.de\/index.php\/wp-json\/wp\/v2\/types\/page"}],"author":[{"embeddable":true,"href":"http:\/\/cms.lumo-modelle.de\/index.php\/wp-json\/wp\/v2\/users\/1"}],"replies":[{"embeddable":true,"href":"http:\/\/cms.lumo-modelle.de\/index.php\/wp-json\/wp\/v2\/comments?post=522"}],"version-history":[{"count":1,"href":"http:\/\/cms.lumo-modelle.de\/index.php\/wp-json\/wp\/v2\/pages\/522\/revisions"}],"predecessor-version":[{"id":523,"href":"http:\/\/cms.lumo-modelle.de\/index.php\/wp-json\/wp\/v2\/pages\/522\/revisions\/523"}],"up":[{"embeddable":true,"href":"http:\/\/cms.lumo-modelle.de\/index.php\/wp-json\/wp\/v2\/pages\/19"}],"wp:attachment":[{"href":"http:\/\/cms.lumo-modelle.de\/index.php\/wp-json\/wp\/v2\/media?parent=522"}],"curies":[{"name":"wp","href":"https:\/\/api.w.org\/{rel}","templated":true}]}}