{"id":530,"date":"2024-01-26T13:27:02","date_gmt":"2024-01-26T12:27:02","guid":{"rendered":"http:\/\/cms.lumo-modelle.de\/?page_id=530"},"modified":"2024-01-27T20:08:34","modified_gmt":"2024-01-27T19:08:34","slug":"kleinserienprodukt-hsb-wasserkran-gernrode-spur-g-iim","status":"publish","type":"page","link":"http:\/\/cms.lumo-modelle.de\/index.php\/produkte\/kleinserienprodukt-hsb-wasserkran-gernrode-spur-g-iim\/","title":{"rendered":"Kleinserienprodukt HSB-Wasserkran \u201eGernrode\u201c Spur G \/ IIm"},"content":{"rendered":"\n<div style=\"height:60px\" aria-hidden=\"true\" class=\"wp-block-spacer\"><\/div>\n\n\n\n<p>Der Wasserkran vor dem Lokschuppen in Gernrode, dem urspr\u00fcnglichen Ausgangspunkt der Selketalbahn, ist das originale Vorbild f\u00fcr dieses Modell. Ausleger, Armaturen, Schlauchhalter mit Schlauch f\u00fcr das Abl\u00f6schen der Schlacke nach dem Ausr\u00e4umen der Feuerb\u00fcchse und nat\u00fcrlich auch das Hinweisschild f\u00fcr frostiges Wetter sind exakt nachgebildet. Dieser Wasserkran ist die typische Ausf\u00fchrung f\u00fcr die Harzer Schmalspurbahnen (HSB) und ist auch auf vielen anderen Bahnh\u00f6fen der HSB zu finden.<\/p>\n\n\n\n<div class=\"wp-block-columns is-layout-flex wp-container-core-columns-is-layout-9d6595d7 wp-block-columns-is-layout-flex\">\n<div class=\"wp-block-column is-layout-flow wp-block-column-is-layout-flow\">\n<figure class=\"wp-block-image size-full is-resized\"><img loading=\"lazy\" decoding=\"async\" width=\"327\" height=\"302\" src=\"http:\/\/cms.lumo-modelle.de\/wp-content\/uploads\/2024\/01\/Wasserkran_image002.png\" alt=\"\" class=\"wp-image-373\" style=\"width:416px;height:auto\" srcset=\"http:\/\/cms.lumo-modelle.de\/wp-content\/uploads\/2024\/01\/Wasserkran_image002.png 327w, http:\/\/cms.lumo-modelle.de\/wp-content\/uploads\/2024\/01\/Wasserkran_image002-300x277.png 300w\" sizes=\"auto, (max-width: 327px) 100vw, 327px\" \/><\/figure>\n<\/div>\n\n\n\n<div class=\"wp-block-column is-layout-flow wp-block-column-is-layout-flow\">\n<figure class=\"wp-block-image size-full is-resized\"><img loading=\"lazy\" decoding=\"async\" width=\"327\" height=\"302\" src=\"http:\/\/cms.lumo-modelle.de\/wp-content\/uploads\/2024\/01\/Wasserkran_image003.png\" alt=\"\" class=\"wp-image-374\" style=\"width:416px;height:auto\" srcset=\"http:\/\/cms.lumo-modelle.de\/wp-content\/uploads\/2024\/01\/Wasserkran_image003.png 327w, http:\/\/cms.lumo-modelle.de\/wp-content\/uploads\/2024\/01\/Wasserkran_image003-300x277.png 300w\" sizes=\"auto, (max-width: 327px) 100vw, 327px\" \/><\/figure>\n<\/div>\n<\/div>\n\n\n\n<div style=\"height:50px\" aria-hidden=\"true\" class=\"wp-block-spacer\"><\/div>\n\n\n\n<p><strong>Modellausf\u00fchrungen:<\/strong><\/p>\n\n\n\n<div style=\"height:30px\" aria-hidden=\"true\" class=\"wp-block-spacer\"><\/div>\n\n\n\n<div class=\"wp-block-columns is-layout-flex wp-container-core-columns-is-layout-9d6595d7 wp-block-columns-is-layout-flex\">\n<div class=\"wp-block-column is-layout-flow wp-block-column-is-layout-flow\">\n<p><strong>Bestell-Nr. 101100<\/strong>:<\/p>\n\n\n\n<ul class=\"wp-block-list\">\n<li>HSB-Wasserkran Spur G \/ IIm<\/li>\n\n\n\n<li>Ausf\u00fchrung 1<\/li>\n\n\n\n<li>Grundausf\u00fchrung<\/li>\n\n\n\n<li>Ausleger drehbar<\/li>\n\n\n\n<li>komplett montiert und lackiert<\/li>\n\n\n\n<li><strong>ohne farbliche Alterung<\/strong><\/li>\n<\/ul>\n\n\n\n<p><strong>Bestell-Nr. 101200:<\/strong><\/p>\n\n\n\n<ul class=\"wp-block-list\">\n<li>HSB-Wasserkran Spur G \/ IIm<\/li>\n\n\n\n<li>Ausf\u00fchrung 2<\/li>\n\n\n\n<li>Grundausf\u00fchrung<\/li>\n\n\n\n<li>Ausleger drehbar<\/li>\n\n\n\n<li>komplett montiert und lackiert<\/li>\n\n\n\n<li><strong>farblich gealtert \/ patiniert<\/strong><\/li>\n<\/ul>\n<\/div>\n\n\n\n<div class=\"wp-block-column is-layout-flow wp-block-column-is-layout-flow\">\n<figure class=\"wp-block-image size-full is-resized\"><img loading=\"lazy\" decoding=\"async\" width=\"380\" height=\"380\" src=\"http:\/\/cms.lumo-modelle.de\/wp-content\/uploads\/2024\/01\/Wasserkran_image005.jpg\" alt=\"\" class=\"wp-image-375\" style=\"width:417px;height:auto\" srcset=\"http:\/\/cms.lumo-modelle.de\/wp-content\/uploads\/2024\/01\/Wasserkran_image005.jpg 380w, http:\/\/cms.lumo-modelle.de\/wp-content\/uploads\/2024\/01\/Wasserkran_image005-300x300.jpg 300w, http:\/\/cms.lumo-modelle.de\/wp-content\/uploads\/2024\/01\/Wasserkran_image005-150x150.jpg 150w, http:\/\/cms.lumo-modelle.de\/wp-content\/uploads\/2024\/01\/Wasserkran_image005-75x75.jpg 75w\" sizes=\"auto, (max-width: 380px) 100vw, 380px\" \/><\/figure>\n<\/div>\n<\/div>\n\n\n\n<div style=\"height:51px\" aria-hidden=\"true\" class=\"wp-block-spacer\"><\/div>\n\n\n\n<div class=\"wp-block-columns is-layout-flex wp-container-core-columns-is-layout-9d6595d7 wp-block-columns-is-layout-flex\">\n<div class=\"wp-block-column is-layout-flow wp-block-column-is-layout-flow\">\n<p><strong>Bestell-Nr. 102100:<\/strong><\/p>\n\n\n\n<ul class=\"wp-block-list\">\n<li>HSB-Wasserkran Spur G \/ IIm<\/li>\n\n\n\n<li>Ausf\u00fchrung 3<\/li>\n\n\n\n<li>erweiterte Ausf\u00fchrung<\/li>\n\n\n\n<li>mit Einlaufgitter<\/li>\n\n\n\n<li>Schlauchhalter und Schlauch<\/li>\n\n\n\n<li>Ausleger drehbar<\/li>\n\n\n\n<li>vorbereitet f\u00fcr Servoeinbau<\/li>\n\n\n\n<li>komplett montiert und lackiert<\/li>\n\n\n\n<li><strong>ohne farbliche Alterung<\/strong><\/li>\n<\/ul>\n<\/div>\n\n\n\n<div class=\"wp-block-column is-layout-flow wp-block-column-is-layout-flow\">\n<figure class=\"wp-block-image size-full is-resized\"><img loading=\"lazy\" decoding=\"async\" width=\"380\" height=\"380\" src=\"http:\/\/cms.lumo-modelle.de\/wp-content\/uploads\/2024\/01\/Wasserkran_image008.jpg\" alt=\"\" class=\"wp-image-376\" style=\"width:416px;height:auto\" srcset=\"http:\/\/cms.lumo-modelle.de\/wp-content\/uploads\/2024\/01\/Wasserkran_image008.jpg 380w, http:\/\/cms.lumo-modelle.de\/wp-content\/uploads\/2024\/01\/Wasserkran_image008-300x300.jpg 300w, http:\/\/cms.lumo-modelle.de\/wp-content\/uploads\/2024\/01\/Wasserkran_image008-150x150.jpg 150w, http:\/\/cms.lumo-modelle.de\/wp-content\/uploads\/2024\/01\/Wasserkran_image008-75x75.jpg 75w\" sizes=\"auto, (max-width: 380px) 100vw, 380px\" \/><\/figure>\n<\/div>\n<\/div>\n\n\n\n<div class=\"wp-block-columns is-layout-flex wp-container-core-columns-is-layout-9d6595d7 wp-block-columns-is-layout-flex\">\n<div class=\"wp-block-column is-layout-flow wp-block-column-is-layout-flow\">\n<figure class=\"wp-block-image size-full is-resized\"><img loading=\"lazy\" decoding=\"async\" width=\"327\" height=\"219\" src=\"http:\/\/cms.lumo-modelle.de\/wp-content\/uploads\/2024\/01\/Wasserkran_image010.jpg\" alt=\"\" class=\"wp-image-377\" style=\"width:417px;height:auto\" srcset=\"http:\/\/cms.lumo-modelle.de\/wp-content\/uploads\/2024\/01\/Wasserkran_image010.jpg 327w, http:\/\/cms.lumo-modelle.de\/wp-content\/uploads\/2024\/01\/Wasserkran_image010-300x201.jpg 300w\" sizes=\"auto, (max-width: 327px) 100vw, 327px\" \/><\/figure>\n<\/div>\n\n\n\n<div class=\"wp-block-column is-layout-flow wp-block-column-is-layout-flow\">\n<figure class=\"wp-block-image size-full is-resized\"><img loading=\"lazy\" decoding=\"async\" width=\"327\" height=\"219\" src=\"http:\/\/cms.lumo-modelle.de\/wp-content\/uploads\/2024\/01\/Wasserkran_image011.jpg\" alt=\"\" class=\"wp-image-378\" style=\"width:418px;height:auto\" srcset=\"http:\/\/cms.lumo-modelle.de\/wp-content\/uploads\/2024\/01\/Wasserkran_image011.jpg 327w, http:\/\/cms.lumo-modelle.de\/wp-content\/uploads\/2024\/01\/Wasserkran_image011-300x201.jpg 300w\" sizes=\"auto, (max-width: 327px) 100vw, 327px\" \/><\/figure>\n<\/div>\n<\/div>\n\n\n\n<div style=\"height:50px\" aria-hidden=\"true\" class=\"wp-block-spacer\"><\/div>\n\n\n\n<div class=\"wp-block-columns is-layout-flex wp-container-core-columns-is-layout-9d6595d7 wp-block-columns-is-layout-flex\">\n<div class=\"wp-block-column is-layout-flow wp-block-column-is-layout-flow\">\n<p><strong>Bestell-Nr. 102200:<\/strong><\/p>\n\n\n\n<ul class=\"wp-block-list\">\n<li>HSB-Wasserkran Spur G \/ IIm<\/li>\n\n\n\n<li>Ausf\u00fchrung 4<\/li>\n\n\n\n<li>erweiterte Ausf\u00fchrung<\/li>\n\n\n\n<li>mit Einlaufgitter<\/li>\n\n\n\n<li>Schlauchhalter und Schlauch<\/li>\n\n\n\n<li>Ausleger drehbar<\/li>\n\n\n\n<li>vorbereitet f\u00fcr Servoeinbau<\/li>\n\n\n\n<li>komplett montiert und lackiert<\/li>\n\n\n\n<li><strong>farblich gealtert \/ patiniert<\/strong><\/li>\n<\/ul>\n<\/div>\n\n\n\n<div class=\"wp-block-column is-layout-flow wp-block-column-is-layout-flow\">\n<figure class=\"wp-block-image size-full is-resized\"><img loading=\"lazy\" decoding=\"async\" width=\"380\" height=\"380\" src=\"http:\/\/cms.lumo-modelle.de\/wp-content\/uploads\/2024\/01\/Wasserkran_image012.jpg\" alt=\"\" class=\"wp-image-379\" style=\"width:416px;height:auto\" srcset=\"http:\/\/cms.lumo-modelle.de\/wp-content\/uploads\/2024\/01\/Wasserkran_image012.jpg 380w, http:\/\/cms.lumo-modelle.de\/wp-content\/uploads\/2024\/01\/Wasserkran_image012-300x300.jpg 300w, http:\/\/cms.lumo-modelle.de\/wp-content\/uploads\/2024\/01\/Wasserkran_image012-150x150.jpg 150w, http:\/\/cms.lumo-modelle.de\/wp-content\/uploads\/2024\/01\/Wasserkran_image012-75x75.jpg 75w\" sizes=\"auto, (max-width: 380px) 100vw, 380px\" \/><\/figure>\n<\/div>\n<\/div>\n\n\n\n<div class=\"wp-block-columns is-layout-flex wp-container-core-columns-is-layout-9d6595d7 wp-block-columns-is-layout-flex\">\n<div class=\"wp-block-column is-layout-flow wp-block-column-is-layout-flow\">\n<figure class=\"wp-block-image size-full is-resized\"><img loading=\"lazy\" decoding=\"async\" width=\"327\" height=\"219\" src=\"http:\/\/cms.lumo-modelle.de\/wp-content\/uploads\/2024\/01\/Wasserkran_image014.jpg\" alt=\"\" class=\"wp-image-380\" style=\"width:416px;height:auto\" srcset=\"http:\/\/cms.lumo-modelle.de\/wp-content\/uploads\/2024\/01\/Wasserkran_image014.jpg 327w, http:\/\/cms.lumo-modelle.de\/wp-content\/uploads\/2024\/01\/Wasserkran_image014-300x201.jpg 300w\" sizes=\"auto, (max-width: 327px) 100vw, 327px\" \/><\/figure>\n<\/div>\n\n\n\n<div class=\"wp-block-column is-layout-flow wp-block-column-is-layout-flow\">\n<figure class=\"wp-block-image size-full is-resized\"><img loading=\"lazy\" decoding=\"async\" width=\"327\" height=\"219\" src=\"http:\/\/cms.lumo-modelle.de\/wp-content\/uploads\/2024\/01\/Wasserkran_image015.jpg\" alt=\"\" class=\"wp-image-381\" style=\"width:416px;height:auto\" srcset=\"http:\/\/cms.lumo-modelle.de\/wp-content\/uploads\/2024\/01\/Wasserkran_image015.jpg 327w, http:\/\/cms.lumo-modelle.de\/wp-content\/uploads\/2024\/01\/Wasserkran_image015-300x201.jpg 300w\" sizes=\"auto, (max-width: 327px) 100vw, 327px\" \/><\/figure>\n<\/div>\n<\/div>\n\n\n\n<div style=\"height:50px\" aria-hidden=\"true\" class=\"wp-block-spacer\"><\/div>\n\n\n\n<div class=\"wp-block-columns is-layout-flex wp-container-core-columns-is-layout-9d6595d7 wp-block-columns-is-layout-flex\">\n<div class=\"wp-block-column is-layout-flow wp-block-column-is-layout-flow\">\n<p><strong>Bestell-Nr. 102300:<\/strong><\/p>\n\n\n\n<ul class=\"wp-block-list\">\n<li>Antrieb f\u00fcr HSB-Wasserkran<\/li>\n\n\n\n<li>DCC Digital Servo-Antrieb<\/li>\n\n\n\n<li>nur f\u00fcr Bestell-Nr. 102100<\/li>\n\n\n\n<li>nur f\u00fcr Bestell-Nr. 102200<\/li>\n\n\n\n<li>vorkonfiguriert DCC-Betrieb<\/li>\n\n\n\n<li>Steuerung \u00fcber Fahrregler<\/li>\n\n\n\n<li>auch nachtr\u00e4glich einbaubar<\/li>\n<\/ul>\n<\/div>\n\n\n\n<div class=\"wp-block-column is-layout-flow wp-block-column-is-layout-flow\">\n<figure class=\"wp-block-image size-full is-resized\"><img loading=\"lazy\" decoding=\"async\" width=\"380\" height=\"254\" src=\"http:\/\/cms.lumo-modelle.de\/wp-content\/uploads\/2024\/01\/Wasserkran_image016.jpg\" alt=\"\" class=\"wp-image-382\" style=\"width:416px;height:auto\" srcset=\"http:\/\/cms.lumo-modelle.de\/wp-content\/uploads\/2024\/01\/Wasserkran_image016.jpg 380w, http:\/\/cms.lumo-modelle.de\/wp-content\/uploads\/2024\/01\/Wasserkran_image016-300x201.jpg 300w\" sizes=\"auto, (max-width: 380px) 100vw, 380px\" \/><\/figure>\n<\/div>\n<\/div>\n\n\n\n<div style=\"height:50px\" aria-hidden=\"true\" class=\"wp-block-spacer\"><\/div>\n\n\n\n<p><strong>Beschreibung:<\/strong><\/p>\n\n\n\n<ul class=\"wp-block-list\">\n<li>exaktes Modell des HSB-Wasserkrans im Ma\u00dfstab 1:22,5 f\u00fcr Spur G \/ IIm<\/li>\n\n\n\n<li>typische Ausf\u00fchrung bei der HSB (Harzer Schmalspurbahnen)<\/li>\n\n\n\n<li>spezielle Anlehnung an Wasserkran im Bahnhof Gernrode<\/li>\n\n\n\n<li>hochwertiges Modell in Metallausf\u00fchrung (Messing)<\/li>\n\n\n\n<li>Grundausf\u00fchrung mit drehbarem Ausleger, Einlauftrichter und Armaturen<\/li>\n\n\n\n<li>erweiterte Ausf\u00fchrung zus\u00e4tzlich mit Einlaufgitter, Schlauchhalter, Schlauch<\/li>\n\n\n\n<li>optional mit Servo-Antrieb f\u00fcr Schwenkbewegung (Digital Servo DCC)<\/li>\n\n\n\n<li>optional mit farblicher Alterung \/ Patinierung<\/li>\n\n\n\n<li>Auslieferung im fertig montierten und lackierten Zustand<\/li>\n\n\n\n<li>Ma\u00dfe und Details zu den Ausf\u00fchrungsvarianten siehe Datenblatt<\/li>\n<\/ul>\n\n\n\n<p>Der Wasserkran ist witterungsbest\u00e4ndig und kann auf Innen- und Au\u00dfenanlagen eingesetzt werden. Nur im Winter ist Schutz vor Schnee und Eis erforderlich, um mechanische Sch\u00e4den zu vermeiden.<\/p>\n\n\n\n<div style=\"height:30px\" aria-hidden=\"true\" class=\"wp-block-spacer\"><\/div>\n\n\n\n<figure class=\"wp-block-image size-full\"><img loading=\"lazy\" decoding=\"async\" width=\"665\" height=\"380\" src=\"http:\/\/cms.lumo-modelle.de\/wp-content\/uploads\/2024\/01\/Wasserkran_image019.png\" alt=\"\" class=\"wp-image-383\" srcset=\"http:\/\/cms.lumo-modelle.de\/wp-content\/uploads\/2024\/01\/Wasserkran_image019.png 665w, http:\/\/cms.lumo-modelle.de\/wp-content\/uploads\/2024\/01\/Wasserkran_image019-300x171.png 300w\" sizes=\"auto, (max-width: 665px) 100vw, 665px\" \/><\/figure>\n\n\n\n<div style=\"height:30px\" aria-hidden=\"true\" class=\"wp-block-spacer\"><\/div>\n\n\n\n<p><a href=\"http:\/\/cms.lumo-modelle.de\/wp-content\/uploads\/2024\/01\/Datenblatt_HSB-Wasserkran.pdf\" data-type=\"link\" data-id=\"http:\/\/cms.lumo-modelle.de\/wp-content\/uploads\/2024\/01\/Datenblatt_HSB-Wasserkran.pdf\" target=\"_blank\" rel=\"noreferrer noopener\">Datenblatt<\/a><\/p>\n\n\n\n<p><a href=\"http:\/\/cms.lumo-modelle.de\/wp-content\/uploads\/2024\/01\/Bedienungsanleitung_HSB-Wasserkran.pdf\" data-type=\"link\" data-id=\"http:\/\/cms.lumo-modelle.de\/wp-content\/uploads\/2024\/01\/Bedienungsanleitung_HSB-Wasserkran.pdf\" target=\"_blank\" rel=\"noreferrer noopener\">Bedienungsanleitung<\/a><\/p>\n","protected":false},"excerpt":{"rendered":"<p>Der Wasserkran vor dem Lokschuppen in Gernrode, dem urspr\u00fcnglichen Ausgangspunkt der Selketalbahn, ist das originale Vorbild f\u00fcr dieses Modell. Ausleger, Armaturen, Schlauchhalter mit Schlauch f\u00fcr das Abl\u00f6schen der Schlacke nach dem Ausr\u00e4umen der Feuerb\u00fcchse und nat\u00fcrlich auch das Hinweisschild f\u00fcr frostiges Wetter sind exakt nachgebildet. Dieser Wasserkran ist die typische Ausf\u00fchrung f\u00fcr die Harzer Schmalspurbahnen (HSB) und ist auch auf vielen anderen Bahnh\u00f6fen der HSB zu finden. Modellausf\u00fchrungen: Bestell-Nr. 101100: Bestell-Nr. 101200: Bestell-Nr. 102100: Bestell-Nr. 102200: Bestell-Nr. 102300: Beschreibung: Der Wasserkran ist witterungsbest\u00e4ndig und kann auf Innen- und Au\u00dfenanlagen eingesetzt werden. Nur im Winter ist Schutz vor Schnee und Eis erforderlich, um mechanische Sch\u00e4den zu vermeiden. Datenblatt Bedienungsanleitung<\/p>\n","protected":false},"author":1,"featured_media":0,"parent":19,"menu_order":0,"comment_status":"closed","ping_status":"closed","template":"","meta":{"footnotes":""},"class_list":["post-530","page","type-page","status-publish","hentry"],"_links":{"self":[{"href":"http:\/\/cms.lumo-modelle.de\/index.php\/wp-json\/wp\/v2\/pages\/530","targetHints":{"allow":["GET"]}}],"collection":[{"href":"http:\/\/cms.lumo-modelle.de\/index.php\/wp-json\/wp\/v2\/pages"}],"about":[{"href":"http:\/\/cms.lumo-modelle.de\/index.php\/wp-json\/wp\/v2\/types\/page"}],"author":[{"embeddable":true,"href":"http:\/\/cms.lumo-modelle.de\/index.php\/wp-json\/wp\/v2\/users\/1"}],"replies":[{"embeddable":true,"href":"http:\/\/cms.lumo-modelle.de\/index.php\/wp-json\/wp\/v2\/comments?post=530"}],"version-history":[{"count":1,"href":"http:\/\/cms.lumo-modelle.de\/index.php\/wp-json\/wp\/v2\/pages\/530\/revisions"}],"predecessor-version":[{"id":531,"href":"http:\/\/cms.lumo-modelle.de\/index.php\/wp-json\/wp\/v2\/pages\/530\/revisions\/531"}],"up":[{"embeddable":true,"href":"http:\/\/cms.lumo-modelle.de\/index.php\/wp-json\/wp\/v2\/pages\/19"}],"wp:attachment":[{"href":"http:\/\/cms.lumo-modelle.de\/index.php\/wp-json\/wp\/v2\/media?parent=530"}],"curies":[{"name":"wp","href":"https:\/\/api.w.org\/{rel}","templated":true}]}}